{"id":1160,"date":"2024-04-13T17:34:48","date_gmt":"2024-04-13T17:34:48","guid":{"rendered":"https:\/\/kosziklavendeghaz.hu\/?page_id=1160"},"modified":"2026-01-10T17:20:40","modified_gmt":"2026-01-10T17:20:40","slug":"masszazs","status":"publish","type":"page","link":"https:\/\/kosziklavendeghaz.hu\/en\/masszazs\/","title":{"rendered":"Massage"},"content":{"rendered":"<div data-elementor-type=\"wp-page\" data-elementor-id=\"1160\" class=\"elementor elementor-1160\" data-elementor-post-type=\"page\">\n\t\t\t\t\t\t<section class=\"elementor-section elementor-top-section elementor-element elementor-element-4abc9397 elementor-section-full_width elementor-section-height-default elementor-section-height-default\" data-id=\"4abc9397\" data-element_type=\"section\" data-e-type=\"section\">\n\t\t\t\t\t\t<div class=\"elementor-container elementor-column-gap-no\">\n\t\t\t\t\t<div class=\"elementor-column elementor-col-100 elementor-top-column elementor-element elementor-element-51466f01\" data-id=\"51466f01\" data-element_type=\"column\" data-e-type=\"column\">\n\t\t\t<div class=\"elementor-widget-wrap elementor-element-populated\">\n\t\t\t\t\t\t<div class=\"elementor-element elementor-element-617ba146 elementor--v-position-bottom elementor--h-position-center elementor-arrows-position-inside elementor-pagination-position-inside elementor-widget elementor-widget-slides\" data-id=\"617ba146\" data-element_type=\"widget\" data-e-type=\"widget\" data-settings=\"{&quot;navigation&quot;:&quot;both&quot;,&quot;autoplay&quot;:&quot;yes&quot;,&quot;pause_on_hover&quot;:&quot;yes&quot;,&quot;pause_on_interaction&quot;:&quot;yes&quot;,&quot;autoplay_speed&quot;:5000,&quot;infinite&quot;:&quot;yes&quot;,&quot;transition&quot;:&quot;slide&quot;,&quot;transition_speed&quot;:500}\" data-widget_type=\"slides.default\">\n\t\t\t\t<div class=\"elementor-widget-container\">\n\t\t\t\t\t\t\t\t\t<div class=\"elementor-swiper\">\n\t\t\t\t\t<div class=\"elementor-slides-wrapper elementor-main-swiper swiper\" role=\"region\" aria-roledescription=\"carousel\" aria-label=\"Di\u00e1k\" dir=\"ltr\" data-animation=\"fadeInUp\">\n\t\t\t\t<div class=\"swiper-wrapper elementor-slides\">\n\t\t\t\t\t\t\t\t\t\t<div class=\"elementor-repeater-item-aeca893 swiper-slide\" role=\"group\" aria-roledescription=\"slide\"><div class=\"swiper-slide-bg elementor-ken-burns elementor-ken-burns--out\" role=\"img\" aria-label=\"Pihen\u00e9s a stresszes h\u00e9tk\u00f6znapokb\u00f3l, wellness r\u00e9szleg \u00e9s massz\u00e1zs szolg\u00e1ltat\u00e1ssal kieg\u00e9sz\u00edtve. Sv\u00e9d massz\u00e1zs, gy\u00f3gymassz\u00e1zs, l\u00e1vak\u00f6ves massz\u00e1zs \u00e1ll rendelkez\u00e9sedre. Teljes relax\u00e1ci\u00f3t \u00e9s pihen\u00e9st biztos\u00edtva. Kismaros massz\u00e1zs a K\u0151szikla Vend\u00e9gh\u00e1zban megtal\u00e1lhat\u00f3! Escape the Stress of the Workweek with Wellness Services and Massage Treat yourself to a break from the hectic weekdays with a range of massage services at Kismaros massage at the K\u0151szikla Guest House. Choose from Swedish massage, medical massage, or lava stone massage for ultimate relaxation and rejuvenation.\"><\/div><div class=\"elementor-background-overlay\"><\/div><a class=\"swiper-slide-inner\" href=\"https:\/\/kosziklavendeghaz.hu\/en\/foglalas\/\"><div class=\"swiper-slide-contents\"><div class=\"elementor-slide-heading\">Massage<\/div><\/div><\/a><\/div>\t\t\t\t<\/div>\n\t\t\t\t\t\t\t<\/div>\n\t\t\t\t<\/div>\n\t\t\t\t\t\t\t\t<\/div>\n\t\t\t\t<\/div>\n\t\t\t\t\t<\/div>\n\t\t<\/div>\n\t\t\t\t\t<\/div>\n\t\t<\/section>\n\t\t\t\t<section class=\"elementor-section elementor-top-section elementor-element elementor-element-6180db20 elementor-section-full_width elementor-section-height-default elementor-section-height-default\" data-id=\"6180db20\" data-element_type=\"section\" data-e-type=\"section\">\n\t\t\t\t\t\t\t<div class=\"elementor-background-overlay\"><\/div>\n\t\t\t\t\t\t\t<div class=\"elementor-container elementor-column-gap-no\">\n\t\t\t\t\t<div class=\"elementor-column elementor-col-50 elementor-top-column elementor-element elementor-element-70cd7857\" data-id=\"70cd7857\" data-element_type=\"column\" data-e-type=\"column\">\n\t\t\t<div class=\"elementor-widget-wrap elementor-element-populated\">\n\t\t\t\t\t\t<div class=\"elementor-element elementor-element-1ae2c549 elementor--h-position-center elementor--v-position-middle elementor-arrows-position-inside elementor-pagination-position-inside elementor-widget elementor-widget-slides\" data-id=\"1ae2c549\" data-element_type=\"widget\" data-e-type=\"widget\" data-settings=\"{&quot;navigation&quot;:&quot;both&quot;,&quot;autoplay&quot;:&quot;yes&quot;,&quot;pause_on_hover&quot;:&quot;yes&quot;,&quot;pause_on_interaction&quot;:&quot;yes&quot;,&quot;autoplay_speed&quot;:5000,&quot;infinite&quot;:&quot;yes&quot;,&quot;transition&quot;:&quot;slide&quot;,&quot;transition_speed&quot;:500}\" data-widget_type=\"slides.default\">\n\t\t\t\t<div class=\"elementor-widget-container\">\n\t\t\t\t\t\t\t\t\t<div class=\"elementor-swiper\">\n\t\t\t\t\t<div class=\"elementor-slides-wrapper elementor-main-swiper swiper\" role=\"region\" aria-roledescription=\"carousel\" aria-label=\"Di\u00e1k\" dir=\"ltr\" data-animation=\"fadeInUp\">\n\t\t\t\t<div class=\"swiper-wrapper elementor-slides\">\n\t\t\t\t\t\t\t\t\t\t<div class=\"elementor-repeater-item-bcf7b02 swiper-slide\" role=\"group\" aria-roledescription=\"slide\"><div class=\"swiper-slide-bg\" role=\"img\" aria-label=\"Sv\u00e9dmassz\u00e1zs\"><\/div><div class=\"swiper-slide-inner\" ><div class=\"swiper-slide-contents\"><\/div><\/div><\/div><div class=\"elementor-repeater-item-d8a58fd swiper-slide\" role=\"group\" aria-roledescription=\"slide\"><div class=\"swiper-slide-bg\" role=\"img\" aria-label=\"A K\u0151szikla Vend\u00e9gh\u00e1z terasz\u00e1n pihenj. M\u00f3kusok a t\u00f6lgyerd\u0151ben \u00e9l\u0151 szomsz\u00e9dok. A teljes vend\u00e9gh\u00e1zban CSAK TI VAGYTOK! Rejtve a k\u00edv\u00e1ncsi szemek el\u0151l, Wellness egys\u00e9g\u00fcnk CSAK A TI rendelkez\u00e9setekre \u00e1ll. Pictures captured at the K\u0151szikla Guest House showcase the squirrels, the neighboring oak forest residents. You are the sole guest at the entire guest house! Our exclusive Wellness unit is secluded, providing a private experience just for you.\"><\/div><div class=\"swiper-slide-inner\" ><div class=\"swiper-slide-contents\"><\/div><\/div><\/div><div class=\"elementor-repeater-item-8651e33 swiper-slide\" role=\"group\" aria-roledescription=\"slide\"><div class=\"swiper-slide-bg\" role=\"img\" aria-label=\"Vend\u00e9gh\u00e1zba \u00e9rkez\u0151 massz\u0151r hoz mag\u00e1val minden kell\u00e9ket (massz\u00e1zs\u00e1gy stb. ) Nyugtat\u00f3, relax\u00e1l\u00f3 massz\u00e1zzsal v\u00e1gyn\u00e1nak kikapcsol\u00f3dni rohan\u00f3 mindennapjaik sor\u00e1n, \u00e9rdemes a sv\u00e9d massz\u00e1zst v\u00e1lasztani. L\u00e1vak\u00f6ves massz\u00e1zs: A meleg vulkanikus bazaltk\u00f6vek fizikai hat\u00e1sa kedvez\u0151en hat az idegrendszerre, ez\u00e1ltal a lok\u00e1lis v\u00e9rb\u0151s\u00e9g oldja az eg\u00e9sz testben rejl\u0151 fesz\u00fclts\u00e9get. Teljes test massz\u00e1zs. The masseuse who comes to the guest house brings all the essential equipment, including a massage bed. Opt for the Swedish massage if you desire a calming, tranquil massage to destress from your busy routine. Volcanic stone massage: The warmth of the basalt stones positively impacts the nervous system, promoting increased blood circulation and alleviating tension throughout the body. Enjoy a full-body massage for complete relaxation.\"><\/div><div class=\"swiper-slide-inner\" ><div class=\"swiper-slide-contents\"><\/div><\/div><\/div><div class=\"elementor-repeater-item-fb877c8 swiper-slide\" role=\"group\" aria-roledescription=\"slide\"><div class=\"swiper-slide-bg\" role=\"img\" aria-label=\"A Morg\u00f3 kanyar mellett, a B\u00f6rzs\u00f6nyligeten tal\u00e1lhat\u00f3 a gy\u00f6ny\u00f6r\u0171 Cs\u00f6m\u00f6le v\u00f6lgy, hatalmas sziklav\u00f6lgyeivel, amelyek a Riesner \u00e9s Testv\u00e9r forr\u00e1snak is a helysz\u00edne. Kedvelt kir\u00e1ndul\u00f3hely, amely mind\u00f6ssze p\u00e1r perces s\u00e9tat\u00e1vols\u00e1gra tal\u00e1lhat\u00f3 a Vend\u00e9gh\u00e1zt\u00f3l. Near the Morg\u00f3 bend, within B\u00f6rzs\u00f6nyliget, lies the picturesque Cs\u00f6m\u00f6le valley, featuring large rock formations and the Riesner and Testv\u00e9r springs. This area is a favorite hiking destination, conveniently just a short stroll from the Guest House.\"><\/div><div class=\"swiper-slide-inner\" ><div class=\"swiper-slide-contents\"><\/div><\/div><\/div><div class=\"elementor-repeater-item-c88f45a swiper-slide\" role=\"group\" aria-roledescription=\"slide\"><div class=\"swiper-slide-bg\" role=\"img\" aria-label=\"A fels\u0151 teraszon lev\u0151 hydromassz\u00e1zsos d\u00e9zsaf\u00fcrd\u0151ben \u00fclve a t\u00f6lgyerd\u0151 \u00f6lel\u00e9s\u00e9ben gy\u00f6ny\u00f6rk\u00f6dhettek az erdei k\u00f6rnyezetben. Az infraszaun\u00e1val \u00e9rdemes kombin\u00e1lni, hiszen kit\u0171n\u0151 immuner\u0151s\u00edt\u0151, m\u00e9regtelen\u00edt\u0151 \u00e9s stresszold\u00f3 hat\u00e1sa van.Aj\u00e1nljuk a k\u00f6zeli kedvelt kir\u00e1ndul\u00f3helyeket, kil\u00e1t\u00f3kat, a szomsz\u00e9d utc\u00e1b\u00f3l t\u00f6bb k\u00e9t t\u00fara \u00fatvonal ny\u00edlik. A kir\u00e1lyr\u00e9ti erdei kisvas\u00fat meg\u00e1ll\u00f3ja p\u00e1r s\u00e9tat\u00e1vols\u00e1gra tal\u00e1lhat\u00f3. Biciklire pattanva pedig 10 perc alatt a Dunapartra \u00e9rhettek, \u00e9s bej\u00e1rhatj\u00e1tok a csod\u00e1s partot, a naplement\u00e9ben gy\u00f6ny\u00f6rk\u00f6dve. Enhance your relaxation in the infrared sauna, known for its immune-boosting, detoxifying, and stress-relieving benefits. Adjacent to our villa, you&#039;ll find two picturesque hiking trails, while the forest railway stop in Kir\u00e1lyr\u00e9ti is just a short walk away. Grab a bike and reach the Danube bank in 10 minutes to stroll along the stunning coastline and witness the breathtaking sunset.\"><\/div><div class=\"swiper-slide-inner\" ><div class=\"swiper-slide-contents\"><\/div><\/div><\/div><div class=\"elementor-repeater-item-e4ab3f5 swiper-slide\" role=\"group\" aria-roledescription=\"slide\"><div class=\"swiper-slide-bg\" role=\"img\" aria-label=\"IMG_1176\"><\/div><div class=\"swiper-slide-inner\" ><div class=\"swiper-slide-contents\"><\/div><\/div><\/div><div class=\"elementor-repeater-item-862fca5 swiper-slide\" role=\"group\" aria-roledescription=\"slide\"><div class=\"swiper-slide-bg\" role=\"img\" aria-label=\"Massz\u00e1zsolajok\"><\/div><div class=\"swiper-slide-inner\" ><div class=\"swiper-slide-contents\"><\/div><\/div><\/div><div class=\"elementor-repeater-item-b6dcf1e swiper-slide\" role=\"group\" aria-roledescription=\"slide\"><div class=\"swiper-slide-bg\" role=\"img\" aria-label=\"A kedvenc massz\u00e1zsod ut\u00e1n nagyot pihenhetsz a mad\u00e1rcsicserg\u00e9sben az ugr\u00e1ndoz\u00f3 m\u00f3kusok k\u00f6z\u00f6tt. A term\u00e9szetk\u00f6zeli Vend\u00e9gh\u00e1zban csak TI vagytok! K\u00f6zvetlen\u00fcl a Morg\u00f3 kanyar mellett, aszfaltos \u00faton is k\u00f6nnyen megk\u00f6zel\u00edthet\u0151 a K\u0151szikla Vend\u00e9gh\u00e1z. Following your favorite massage, unwind to the melodious chirping of birds and the playful antics of squirrels. At the K\u0151szikla Guest House, you can enjoy the tranquil surroundings of nature all to yourself. This peaceful retreat is conveniently located next to the Morg\u00f3 bend and easily accessible via an asphalt road.\"><\/div><div class=\"swiper-slide-inner\" ><div class=\"swiper-slide-contents\"><\/div><\/div><\/div>\t\t\t\t<\/div>\n\t\t\t\t\t\t\t\t\t\t\t\t\t\t\t<div class=\"elementor-swiper-button elementor-swiper-button-prev\" role=\"button\" tabindex=\"0\" aria-label=\"Previous slide\">\n\t\t\t\t\t\t\t<svg aria-hidden=\"true\" class=\"e-font-icon-svg e-eicon-chevron-left\" viewbox=\"0 0 1000 1000\" xmlns=\"http:\/\/www.w3.org\/2000\/svg\"><path d=\"M646 125C629 125 613 133 604 142L308 442C296 454 292 471 292 487 292 504 296 521 308 533L604 854C617 867 629 875 646 875 663 875 679 871 692 858 704 846 713 829 713 812 713 796 708 779 692 767L438 487 692 225C700 217 708 204 708 187 708 171 704 154 692 142 675 129 663 125 646 125Z\"><\/path><\/svg>\t\t\t\t\t\t<\/div>\n\t\t\t\t\t\t<div class=\"elementor-swiper-button elementor-swiper-button-next\" role=\"button\" tabindex=\"0\" aria-label=\"Next slide\">\n\t\t\t\t\t\t\t<svg aria-hidden=\"true\" class=\"e-font-icon-svg e-eicon-chevron-right\" viewbox=\"0 0 1000 1000\" xmlns=\"http:\/\/www.w3.org\/2000\/svg\"><path d=\"M696 533C708 521 713 504 713 487 713 471 708 454 696 446L400 146C388 133 375 125 354 125 338 125 325 129 313 142 300 154 292 171 292 187 292 204 296 221 308 233L563 492 304 771C292 783 288 800 288 817 288 833 296 850 308 863 321 871 338 875 354 875 371 875 388 867 400 854L696 533Z\"><\/path><\/svg>\t\t\t\t\t\t<\/div>\n\t\t\t\t\t\t\t\t\t\t\t\t\t\t\t\t<div class=\"swiper-pagination\"><\/div>\n\t\t\t\t\t\t\t\t\t\t\t\t<\/div>\n\t\t\t\t<\/div>\n\t\t\t\t\t\t\t\t<\/div>\n\t\t\t\t<\/div>\n\t\t\t\t\t<\/div>\n\t\t<\/div>\n\t\t\t\t<div class=\"elementor-column elementor-col-50 elementor-top-column elementor-element elementor-element-25e0d556\" data-id=\"25e0d556\" data-element_type=\"column\" data-e-type=\"column\" data-settings=\"{&quot;background_background&quot;:&quot;classic&quot;}\">\n\t\t\t<div class=\"elementor-widget-wrap elementor-element-populated\">\n\t\t\t\t\t\t<div class=\"elementor-element elementor-element-77a2051e elementor-widget elementor-widget-text-editor\" data-id=\"77a2051e\" data-element_type=\"widget\" data-e-type=\"widget\" data-widget_type=\"text-editor.default\">\n\t\t\t\t<div class=\"elementor-widget-container\">\n\t\t\t\t\t\t\t\t\t<p><span style=\"text-decoration: underline;\"><strong>Sv\u00e9d \u00e9s Gy\u00f3gy-, Abhyanga melegolajos-,<br \/><\/strong><\/span><span style=\"text-decoration: underline;\"><strong>Csokol\u00e1d\u00e9 massz\u00e1zs:<br \/><\/strong><\/span>A sv\u00e9dmassz\u00e1zs hagyom\u00e1nyos skandin\u00e1v massz\u00e1zstechnika, mely\u00a0\u00a0ide\u00e1lis v\u00e1laszt\u00e1s az eg\u00e9sz test vitalit\u00e1s\u00e1nak fenntart\u00e1s\u00e1hoz. Abhyanga massz\u00e1zs <span class=\"OYPEnA font-feature-liga-off font-feature-clig-off font-feature-calt-off text-decoration-none text-strikethrough-none\">lass\u00edtja az \u00f6reged\u00e9s folyamatait, Fokoz\u00f3dnak a szervezet m\u00e9regtelen\u00edt\u00e9si folyamatai.<\/span><\/p><p><span style=\"text-decoration: underline;\"><strong>Aromater\u00e1pi\u00e1s massz\u00e1zs doterra olajokkal:<br \/><\/strong><\/span>lll\u00f3olajokkal v\u00e9gzett massz\u00e1zs, meglep\u0151en er\u0151s pozit\u00edv hat\u00e1sokkal az eg\u00e9sz testre, az elm\u00e9re \u00e9s a lelki vil\u00e1gra. Az elj\u00e1r\u00e1s els\u0151sorban stresszold\u00e1sra alkalmas, ez a hat\u00e1s azonban sz\u00e1mtalan tov\u00e1bbi pozit\u00edv folyamatot ind\u00edthat el: elm\u00falik a fejf\u00e1j\u00e1s \u00e9s izomf\u00e1jdalmak, er\u0151s\u00f6dik az immunrendszer, cs\u00f6kkennek a szervezetben fenn\u00e1ll\u00f3 gyullad\u00e1sok.<\/p><p><em>The masseur who comes to the guest house brings all the necessary equipment (massage bed, etc.) It is advisable to book at least one week in advance.<\/em><\/p>\t\t\t\t\t\t\t\t<\/div>\n\t\t\t\t<\/div>\n\t\t\t\t\t<\/div>\n\t\t<\/div>\n\t\t\t\t\t<\/div>\n\t\t<\/section>\n\t\t\t\t<\/div>","protected":false},"excerpt":{"rendered":"<p>Massz\u00e1zs Sv\u00e9d \u00e9s Gy\u00f3gy-, Abhyanga melegolajos-,Csokol\u00e1d\u00e9 massz\u00e1zs:A sv\u00e9dmassz\u00e1zs hagyom\u00e1nyos skandin\u00e1v massz\u00e1zstechnika, mely\u00a0\u00a0ide\u00e1lis v\u00e1laszt\u00e1s az eg\u00e9sz test vitalit\u00e1s\u00e1nak fenntart\u00e1s\u00e1hoz. Abhyanga massz\u00e1zs lass\u00edtja az \u00f6reged\u00e9s folyamatait, Fokoz\u00f3dnak a szervezet m\u00e9regtelen\u00edt\u00e9si folyamatai. Aromater\u00e1pi\u00e1s massz\u00e1zs doterra olajokkal:lll\u00f3olajokkal v\u00e9gzett massz\u00e1zs, meglep\u0151en er\u0151s pozit\u00edv hat\u00e1sokkal az eg\u00e9sz testre, az elm\u00e9re \u00e9s a lelki vil\u00e1gra. Az elj\u00e1r\u00e1s els\u0151sorban stresszold\u00e1sra alkalmas, ez a &#8230; <a title=\"Massage\" class=\"read-more\" href=\"https:\/\/kosziklavendeghaz.hu\/en\/masszazs\/\" aria-label=\"Read more about Massz\u00e1zs\">Read more<\/a><\/p>","protected":false},"author":1,"featured_media":0,"parent":0,"menu_order":0,"comment_status":"closed","ping_status":"closed","template":"elementor_header_footer","meta":{"footnotes":""},"class_list":["post-1160","page","type-page","status-publish"],"_links":{"self":[{"href":"https:\/\/kosziklavendeghaz.hu\/en\/wp-json\/wp\/v2\/pages\/1160","targetHints":{"allow":["GET"]}}],"collection":[{"href":"https:\/\/kosziklavendeghaz.hu\/en\/wp-json\/wp\/v2\/pages"}],"about":[{"href":"https:\/\/kosziklavendeghaz.hu\/en\/wp-json\/wp\/v2\/types\/page"}],"author":[{"embeddable":true,"href":"https:\/\/kosziklavendeghaz.hu\/en\/wp-json\/wp\/v2\/users\/1"}],"replies":[{"embeddable":true,"href":"https:\/\/kosziklavendeghaz.hu\/en\/wp-json\/wp\/v2\/comments?post=1160"}],"version-history":[{"count":61,"href":"https:\/\/kosziklavendeghaz.hu\/en\/wp-json\/wp\/v2\/pages\/1160\/revisions"}],"predecessor-version":[{"id":5638,"href":"https:\/\/kosziklavendeghaz.hu\/en\/wp-json\/wp\/v2\/pages\/1160\/revisions\/5638"}],"wp:attachment":[{"href":"https:\/\/kosziklavendeghaz.hu\/en\/wp-json\/wp\/v2\/media?parent=1160"}],"curies":[{"name":"wp","href":"https:\/\/api.w.org\/{rel}","templated":true}]}}