{"id":1171,"date":"2024-04-13T17:40:29","date_gmt":"2024-04-13T17:40:29","guid":{"rendered":"https:\/\/kosziklavendeghaz.hu\/?page_id=1171"},"modified":"2024-06-10T11:11:50","modified_gmt":"2024-06-10T11:11:50","slug":"aktiv-pihenes","status":"publish","type":"page","link":"https:\/\/kosziklavendeghaz.hu\/en\/aktiv-pihenes\/","title":{"rendered":"Akt\u00edv"},"content":{"rendered":"<div data-elementor-type=\"wp-page\" data-elementor-id=\"1171\" class=\"elementor elementor-1171\" data-elementor-post-type=\"page\">\n\t\t\t\t\t\t<section class=\"elementor-section elementor-top-section elementor-element elementor-element-46112ea2 elementor-section-full_width elementor-section-height-default elementor-section-height-default\" data-id=\"46112ea2\" data-element_type=\"section\" data-e-type=\"section\">\n\t\t\t\t\t\t<div class=\"elementor-container elementor-column-gap-no\">\n\t\t\t\t\t<div class=\"elementor-column elementor-col-100 elementor-top-column elementor-element elementor-element-70bc8319\" data-id=\"70bc8319\" data-element_type=\"column\" data-e-type=\"column\">\n\t\t\t<div class=\"elementor-widget-wrap elementor-element-populated\">\n\t\t\t\t\t\t<div class=\"elementor-element elementor-element-1225ee5c elementor--v-position-bottom elementor--h-position-center elementor-arrows-position-inside elementor-pagination-position-inside elementor-widget elementor-widget-slides\" data-id=\"1225ee5c\" data-element_type=\"widget\" data-e-type=\"widget\" data-settings=\"{&quot;navigation&quot;:&quot;both&quot;,&quot;autoplay&quot;:&quot;yes&quot;,&quot;pause_on_hover&quot;:&quot;yes&quot;,&quot;pause_on_interaction&quot;:&quot;yes&quot;,&quot;autoplay_speed&quot;:5000,&quot;infinite&quot;:&quot;yes&quot;,&quot;transition&quot;:&quot;slide&quot;,&quot;transition_speed&quot;:500}\" data-widget_type=\"slides.default\">\n\t\t\t\t<div class=\"elementor-widget-container\">\n\t\t\t\t\t\t\t\t\t<div class=\"elementor-swiper\">\n\t\t\t\t\t<div class=\"elementor-slides-wrapper elementor-main-swiper swiper\" role=\"region\" aria-roledescription=\"carousel\" aria-label=\"Slides\" dir=\"ltr\" data-animation=\"fadeInUp\">\n\t\t\t\t<div class=\"swiper-wrapper elementor-slides\">\n\t\t\t\t\t\t\t\t\t\t<div class=\"elementor-repeater-item-aeca893 swiper-slide\" role=\"group\" aria-roledescription=\"slide\"><div class=\"swiper-slide-bg elementor-ken-burns elementor-ken-burns--out\" role=\"img\" aria-label=\"Akt\u00edv pihen\u00e9s a t\u00f6lgyerd\u0151ben, B\u00f6rzs\u00f6nyligeten, a Dunakanyar \u00fcd\u00fcl\u0151paradicsom\u00e1ban. Rengeteg programlehet\u0151s\u00e9g k\u00edn\u00e1lkozik a K\u0151szikla Vend\u00e9gh\u00e1z k\u00f6rny\u00e9k\u00e9n, a Dunakanyarban, mint p\u00e9ld\u00e1ul a lovagl\u00e1s, a vad\u00e1szat, gomb\u00e1sz\u00e1s. Geocaching l\u00e1da keres\u00e9s, a k\u00e9k t\u00fara\u00fatvonalak ment\u00e9n a Dunakanyarban.\"><\/div><div class=\"elementor-background-overlay\"><\/div><a class=\"swiper-slide-inner\" href=\"https:\/\/kosziklavendeghaz.hu\/en\/foglalas\/\"><div class=\"swiper-slide-contents\"><div class=\"elementor-slide-heading\">Active recreation<\/div><\/div><\/a><\/div>\t\t\t\t<\/div>\n\t\t\t\t\t\t\t<\/div>\n\t\t\t\t<\/div>\n\t\t\t\t\t\t\t\t<\/div>\n\t\t\t\t<\/div>\n\t\t\t\t\t<\/div>\n\t\t<\/div>\n\t\t\t\t\t<\/div>\n\t\t<\/section>\n\t\t\t\t<section class=\"elementor-section elementor-top-section elementor-element elementor-element-73664383 elementor-section-full_width elementor-section-height-default elementor-section-height-default\" data-id=\"73664383\" data-element_type=\"section\" data-e-type=\"section\">\n\t\t\t\t\t\t\t<div class=\"elementor-background-overlay\"><\/div>\n\t\t\t\t\t\t\t<div class=\"elementor-container elementor-column-gap-no\">\n\t\t\t\t\t<div class=\"elementor-column elementor-col-50 elementor-top-column elementor-element elementor-element-7c8801d3\" data-id=\"7c8801d3\" data-element_type=\"column\" data-e-type=\"column\">\n\t\t\t<div class=\"elementor-widget-wrap elementor-element-populated\">\n\t\t\t\t\t\t<div class=\"elementor-element elementor-element-74079679 elementor--h-position-center elementor--v-position-middle elementor-arrows-position-inside elementor-pagination-position-inside elementor-widget elementor-widget-slides\" data-id=\"74079679\" data-element_type=\"widget\" data-e-type=\"widget\" data-settings=\"{&quot;navigation&quot;:&quot;both&quot;,&quot;autoplay&quot;:&quot;yes&quot;,&quot;pause_on_hover&quot;:&quot;yes&quot;,&quot;pause_on_interaction&quot;:&quot;yes&quot;,&quot;autoplay_speed&quot;:5000,&quot;infinite&quot;:&quot;yes&quot;,&quot;transition&quot;:&quot;slide&quot;,&quot;transition_speed&quot;:500}\" data-widget_type=\"slides.default\">\n\t\t\t\t<div class=\"elementor-widget-container\">\n\t\t\t\t\t\t\t\t\t<div class=\"elementor-swiper\">\n\t\t\t\t\t<div class=\"elementor-slides-wrapper elementor-main-swiper swiper\" role=\"region\" aria-roledescription=\"carousel\" aria-label=\"Slides\" dir=\"ltr\" data-animation=\"fadeInUp\">\n\t\t\t\t<div class=\"swiper-wrapper elementor-slides\">\n\t\t\t\t\t\t\t\t\t\t<div class=\"elementor-repeater-item-44a1ace swiper-slide\" role=\"group\" aria-roledescription=\"slide\"><div class=\"swiper-slide-bg\" role=\"img\" aria-label=\"Izgalmas geocaching l\u00e1da keres\u00e9s a Dunakanyarban. K\u00f6zelben k\u00e9k t\u00fara\u00fatvonalakon lehet t\u00far\u00e1zni. Kis\u00e1llatok paradicsoma, nyaral\u00e1sa. Ker\u00e9kp\u00e1roz\u00e1s a nemzetk\u00f6zi bicikli\u00fatvonalon.\"><\/div><div class=\"swiper-slide-inner\" ><div class=\"swiper-slide-contents\"><\/div><\/div><\/div><div class=\"elementor-repeater-item-bcf7b02 swiper-slide\" role=\"group\" aria-roledescription=\"slide\"><div class=\"swiper-slide-bg\" role=\"img\" aria-label=\"Izgalmas geocaching l\u00e1da keres\u00e9s a Dunakanyarban. K\u00f6zelben k\u00e9k t\u00fara\u00fatvonalakon lehet t\u00far\u00e1zni. Kis\u00e1llatok paradicsoma, nyaral\u00e1sa. Ker\u00e9kp\u00e1roz\u00e1s a nemzetk\u00f6zi bicikli\u00fatvonalon. Szervezett vad\u00e1szati lehet\u0151s\u00e9gek az Ipoly erd\u0151ben, B\u00f6rzs\u00f6nyligeten.\"><\/div><div class=\"swiper-slide-inner\" ><div class=\"swiper-slide-contents\"><\/div><\/div><\/div><div class=\"elementor-repeater-item-8651e33 swiper-slide\" role=\"group\" aria-roledescription=\"slide\"><div class=\"swiper-slide-bg\" role=\"img\" aria-label=\"Lovagl\u00e1s mes\u00e9s t\u00faristal\u00e1tv\u00e1nyoss\u00e1gok mellett. Jelentkezhettek tereplovagl\u00e1sra, lovas oktat\u00e1sra a B\u00f6rzs\u00f6nyben, Bog\u00e1rh\u00e1ti Mosoly tanya szakk\u00e9pzett lovasoktat\u00f3ival.\"><\/div><div class=\"swiper-slide-inner\" ><div class=\"swiper-slide-contents\"><\/div><\/div><\/div><div class=\"elementor-repeater-item-fb877c8 swiper-slide\" role=\"group\" aria-roledescription=\"slide\"><div class=\"swiper-slide-bg\" role=\"img\" aria-label=\"Nagy K\u0151szikla Kil\u00e1t\u00f3 megtekint\u00e9se lovast\u00fara keret\u00e9ben. Csod\u00e1s kil\u00e1t\u00e1sban lehet gy\u00f6ny\u00f6rk\u00f6dni, Visegr\u00e1di Fellegv\u00e1rra, a Kisoroszi Szigetcs\u00facsra, illetve az eg\u00e9sz Dunakanyarra l\u00e9legzetel\u00e1ll\u00edt\u00f3 kil\u00e1t\u00e1s ny\u00edlik.\"><\/div><div class=\"swiper-slide-inner\" ><div class=\"swiper-slide-contents\"><\/div><\/div><\/div><div class=\"elementor-repeater-item-e40b493 swiper-slide\" role=\"group\" aria-roledescription=\"slide\"><div class=\"swiper-slide-bg\" role=\"img\" aria-label=\"A Toronyaljai p\u00e1los kolostor romja, eml\u00e9khelyet is \u00fatba ejti a tapasztalt lovasoktat\u00f3 \u00e1ltal szervezett lovast\u00fara. Csoportok r\u00e9sz\u00e9re is el\u00e9rhet\u0151. T\u00faraker\u00e9kp\u00e1rral is megk\u00f6zel\u00edthet\u0151ek a csod\u00e1s nevezetess\u00e9gek a Dunakanyarban l\u00e9v\u0151 K\u0151szikla Vend\u00e9gh\u00e1zb\u00f3l. Excellent accommodation in the Danube Bend.\"><\/div><div class=\"swiper-slide-inner\" ><div class=\"swiper-slide-contents\"><\/div><\/div><\/div><div class=\"elementor-repeater-item-1dc5317 swiper-slide\" role=\"group\" aria-roledescription=\"slide\"><div class=\"swiper-slide-bg\" role=\"img\" aria-label=\"Ha igazi kalandra v\u00e1gysz, pr\u00f3b\u00e1ld ki a varg\u00e1nyagomba keres\u00e9st egy szakk\u00e9pzett oktat\u00f3val. A B\u00f6rzs\u00f6nyben, Kir\u00e1lyr\u00e9ten kiv\u00e1l\u00f3 gomba lel\u0151helyek tal\u00e1lhat\u00f3ak, k\u00f6z\u00fcl\u00fck a ny\u00e1ri varg\u00e1nya, \u00edzletes varg\u00e1nya, tinoru, r\u00f3kagomba, p\u00f6feteg tal\u00e1n a legismertebbek. Try porcini hunting with a qualified instructor if you want a real adventure. There are excellent mushroom deposits in B\u00f6rzs\u00f6ny and Kir\u00e1lyr\u00e9t, among which the summer boletus, tasty boletus, tinoru, chanterelle, and puffer mushroom are perhaps the best known.\"><\/div><div class=\"swiper-slide-inner\" ><div class=\"swiper-slide-contents\"><\/div><\/div><\/div><div class=\"elementor-repeater-item-3f8690c swiper-slide\" role=\"group\" aria-roledescription=\"slide\"><div class=\"swiper-slide-bg\" role=\"img\" aria-label=\"Ha igazi kalandra v\u00e1gysz, pr\u00f3b\u00e1ld ki a varg\u00e1nyagomba keres\u00e9st egy szakk\u00e9pzett oktat\u00f3val. A B\u00f6rzs\u00f6nyben, Kir\u00e1lyr\u00e9ten kiv\u00e1l\u00f3 gomba lel\u0151helyek tal\u00e1lhat\u00f3ak, k\u00f6z\u00fcl\u00fck a ny\u00e1ri varg\u00e1nya, \u00edzletes varg\u00e1nya, tinoru, r\u00f3kagomba, p\u00f6feteg tal\u00e1n a legismertebbek. Try porcini hunting with a qualified instructor if you want a real adventure. There are excellent mushroom deposits in B\u00f6rzs\u00f6ny and Kir\u00e1lyr\u00e9t, among which the summer boletus, tasty boletus, tinoru, chanterelle, and puffer mushroom are perhaps the best known.\"><\/div><div class=\"swiper-slide-inner\" ><div class=\"swiper-slide-contents\"><\/div><\/div><\/div><div class=\"elementor-repeater-item-395c588 swiper-slide\" role=\"group\" aria-roledescription=\"slide\"><div class=\"swiper-slide-bg\" role=\"img\" aria-label=\"A Vend\u00e9gh\u00e1z k\u00f6zel\u00e9ben a h\u0171s, \u00e1rnyas t\u00f6lgyerd\u0151kben lehet kir\u00e1ndulni. T\u00f6bb k\u00e9k t\u00fara\u00fatvonal k\u00f6z\u00fcl lehet v\u00e1lasztani, Vend\u00e9gh\u00e1zunkt\u00f3l s\u00e9tat\u00e1vols\u00e1gra van a h\u00edres Cs\u00f6m\u00f6le v\u00f6lgy a Riesner \u00e9s Testv\u00e9r forr\u00e1s. Near the Guest House, you can hike in the cool, shady oak woods. There are several blue hiking trails to choose from, within walking distance of our Guest Housewalking distance from the Cs\u00f6m\u00f6le Valley with Riesner and Brother Spring.\"><\/div><div class=\"swiper-slide-inner\" ><div class=\"swiper-slide-contents\"><\/div><\/div><\/div><div class=\"elementor-repeater-item-c67c34e swiper-slide\" role=\"group\" aria-roledescription=\"slide\"><div class=\"swiper-slide-bg\" role=\"img\" aria-label=\"Akt\u00edv pihen\u00e9s a t\u00f6lgyerd\u0151ben, B\u00f6rzs\u00f6nyligeten, a Dunakanyar \u00fcd\u00fcl\u0151paradicsom\u00e1ban. Rengeteg programlehet\u0151s\u00e9g k\u00edn\u00e1lkozik a K\u0151szikla Vend\u00e9gh\u00e1z k\u00f6rny\u00e9k\u00e9n, a Dunakanyarban, mint p\u00e9ld\u00e1ul a lovagl\u00e1s, a vad\u00e1szat, gomb\u00e1sz\u00e1s. Geocaching l\u00e1da keres\u00e9s, a k\u00e9k t\u00fara\u00fatvonalak ment\u00e9n a Dunakanyarban.\"><\/div><div class=\"swiper-slide-inner\" ><div class=\"swiper-slide-contents\"><\/div><\/div><\/div><div class=\"elementor-repeater-item-5717ea4 swiper-slide\" role=\"group\" aria-roledescription=\"slide\"><div class=\"swiper-slide-bg\" role=\"img\" aria-label=\"H\u00e1zikedvenc bar\u00e1t sz\u00e1ll\u00e1shely. Kis\u00e1llatbar\u00e1t Sz\u00e1ll\u00e1shely Dunakanyarban. A teljes udvar k\u00f6rbe van ker\u00edtve, ott szabadon engedheted a h\u00e1zi kedvencedet. Pet-friendly accommodation in the Danube Bend. The entire yard is fenced, so your pet can run free.\"><\/div><div class=\"swiper-slide-inner\" ><div class=\"swiper-slide-contents\"><\/div><\/div><\/div><div class=\"elementor-repeater-item-e2360fc swiper-slide\" role=\"group\" aria-roledescription=\"slide\"><div class=\"swiper-slide-bg\" role=\"img\" aria-label=\"Kir\u00e1lyr\u00e9t a ritka, foltos szalamandra otthona. Term\u00e9szetk\u00f6zeli , term\u00e9szetv\u00e9delmi ter\u00fclet hat\u00e1r\u00e1n tal\u00e1lhat\u00f3 a Vend\u00e9gh\u00e1zunk. A csendes pihen\u00e9sre v\u00e1gy\u00f3k otthona! Kir\u00e1lyr\u00e9t is home to the rare spotted salamander. Our guest house is situated on the edge of a nature reserve, perfect for those seeking a peaceful retreat.\"><\/div><div class=\"swiper-slide-inner\" ><div class=\"swiper-slide-contents\"><\/div><\/div><\/div>\t\t\t\t<\/div>\n\t\t\t\t\t\t\t\t\t\t\t\t\t\t\t<div class=\"elementor-swiper-button elementor-swiper-button-prev\" role=\"button\" tabindex=\"0\" aria-label=\"Previous slide\" data-no-translation-aria-label=\"\">\n\t\t\t\t\t\t\t<svg aria-hidden=\"true\" class=\"e-font-icon-svg e-eicon-chevron-left\" viewbox=\"0 0 1000 1000\" xmlns=\"http:\/\/www.w3.org\/2000\/svg\"><path d=\"M646 125C629 125 613 133 604 142L308 442C296 454 292 471 292 487 292 504 296 521 308 533L604 854C617 867 629 875 646 875 663 875 679 871 692 858 704 846 713 829 713 812 713 796 708 779 692 767L438 487 692 225C700 217 708 204 708 187 708 171 704 154 692 142 675 129 663 125 646 125Z\"><\/path><\/svg>\t\t\t\t\t\t<\/div>\n\t\t\t\t\t\t<div class=\"elementor-swiper-button elementor-swiper-button-next\" role=\"button\" tabindex=\"0\" aria-label=\"Next slide\" data-no-translation-aria-label=\"\">\n\t\t\t\t\t\t\t<svg aria-hidden=\"true\" class=\"e-font-icon-svg e-eicon-chevron-right\" viewbox=\"0 0 1000 1000\" xmlns=\"http:\/\/www.w3.org\/2000\/svg\"><path d=\"M696 533C708 521 713 504 713 487 713 471 708 454 696 446L400 146C388 133 375 125 354 125 338 125 325 129 313 142 300 154 292 171 292 187 292 204 296 221 308 233L563 492 304 771C292 783 288 800 288 817 288 833 296 850 308 863 321 871 338 875 354 875 371 875 388 867 400 854L696 533Z\"><\/path><\/svg>\t\t\t\t\t\t<\/div>\n\t\t\t\t\t\t\t\t\t\t\t\t\t\t\t\t<div class=\"swiper-pagination\"><\/div>\n\t\t\t\t\t\t\t\t\t\t\t\t<\/div>\n\t\t\t\t<\/div>\n\t\t\t\t\t\t\t\t<\/div>\n\t\t\t\t<\/div>\n\t\t\t\t\t<\/div>\n\t\t<\/div>\n\t\t\t\t<div class=\"elementor-column elementor-col-50 elementor-top-column elementor-element elementor-element-98f1ca7\" data-id=\"98f1ca7\" data-element_type=\"column\" data-e-type=\"column\" data-settings=\"{&quot;background_background&quot;:&quot;classic&quot;}\">\n\t\t\t<div class=\"elementor-widget-wrap elementor-element-populated\">\n\t\t\t\t\t\t<div class=\"elementor-element elementor-element-b3ff7ee elementor-widget elementor-widget-heading\" data-id=\"b3ff7ee\" data-element_type=\"widget\" data-e-type=\"widget\" data-widget_type=\"heading.default\">\n\t\t\t\t<div class=\"elementor-widget-container\">\n\t\t\t\t\t<h4 class=\"elementor-heading-title elementor-size-default\">Forest-Active recreation<\/h4>\t\t\t\t<\/div>\n\t\t\t\t<\/div>\n\t\t\t\t<div class=\"elementor-element elementor-element-43752fdb elementor-widget elementor-widget-text-editor\" data-id=\"43752fdb\" data-element_type=\"widget\" data-e-type=\"widget\" data-widget_type=\"text-editor.default\">\n\t\t\t\t<div class=\"elementor-widget-container\">\n\t\t\t\t\t\t\t\t\t<p>Near the Guest House, you can hike in the cool, shady oak woods. There are several blue hiking trails to choose from, within walking distance of our Guest House<span style=\"font-size: inherit;\">walking distance from the <\/span>Cs\u00f6m\u00f6le Valley with Riesner and Brother Spring<span style=\"font-size: inherit;\">and the popular King's Cross <\/span>forest railway stop<span style=\"font-size: inherit;\">(Morg\u00f3 bend).<\/span><\/p><p>Geocaching chest locations: -&gt; <a href=\"https:\/\/geocaching.hu\/caches.geo?id=1460\" target=\"_blank\" rel=\"noopener\"><em><strong>Click here<\/strong><\/em><\/a><\/p><p>If you hop on a bike, explore the beautiful Danube Coast, roadside stalls, and hamburger stands. All the while, you can enjoy the panoramic views. Two bikes are provided free of charge.<br \/>For off-road riding, riding lessons in B\u00f6rzs\u00f6ny -&gt;&gt; Min.one week in advance, You can apply here: +36-20\/417-20-99 <br \/>For hunting opportunities <strong>&#8211;<em><a href=\"http:\/\/www.ipolyerdo.hu\/vadaszat\" target=\"_blank\" rel=\"noopener\">-&gt;&gt; You can enquire here<\/a>.<\/em><\/strong><\/p>\t\t\t\t\t\t\t\t<\/div>\n\t\t\t\t<\/div>\n\t\t\t\t\t<\/div>\n\t\t<\/div>\n\t\t\t\t\t<\/div>\n\t\t<\/section>\n\t\t\t\t<\/div>","protected":false},"excerpt":{"rendered":"<p>akt\u00edv pihen\u00e9s Previous slide Next slide Erdei-Akt\u00edv pihen\u00e9s A Vend\u00e9gh\u00e1z k\u00f6zel\u00e9ben a h\u0171s, \u00e1rnyas t\u00f6lgyerd\u0151kben tudtok kir\u00e1ndulni. T\u00f6bb k\u00e9k t\u00fara\u00fatvonal k\u00f6z\u00fcl lehet v\u00e1lasztani, Vend\u00e9gh\u00e1zunkt\u00f3l s\u00e9tat\u00e1vols\u00e1gra van a Cs\u00f6m\u00f6le v\u00f6lgy a Riesner \u00e9s Testv\u00e9r forr\u00e1ssal, ill. a n\u00e9pszer\u0171 kir\u00e1lyr\u00e9ti erdei kisvas\u00fat meg\u00e1ll\u00f3ja (Morg\u00f3 kanyar). Geocaching l\u00e1da lel\u0151helyek: &#8211;&gt; Klikkelj ide Ha biciklire pattann\u00e1tok, fedezz\u00e9tek fel a &#8230; <a title=\"Akt\u00edv\" class=\"read-more\" href=\"https:\/\/kosziklavendeghaz.hu\/en\/aktiv-pihenes\/\" aria-label=\"Read more about Akt\u00edv\">Read more<\/a><\/p>","protected":false},"author":1,"featured_media":0,"parent":0,"menu_order":0,"comment_status":"closed","ping_status":"closed","template":"elementor_header_footer","meta":{"footnotes":""},"class_list":["post-1171","page","type-page","status-publish"],"_links":{"self":[{"href":"https:\/\/kosziklavendeghaz.hu\/en\/wp-json\/wp\/v2\/pages\/1171","targetHints":{"allow":["GET"]}}],"collection":[{"href":"https:\/\/kosziklavendeghaz.hu\/en\/wp-json\/wp\/v2\/pages"}],"about":[{"href":"https:\/\/kosziklavendeghaz.hu\/en\/wp-json\/wp\/v2\/types\/page"}],"author":[{"embeddable":true,"href":"https:\/\/kosziklavendeghaz.hu\/en\/wp-json\/wp\/v2\/users\/1"}],"replies":[{"embeddable":true,"href":"https:\/\/kosziklavendeghaz.hu\/en\/wp-json\/wp\/v2\/comments?post=1171"}],"version-history":[{"count":0,"href":"https:\/\/kosziklavendeghaz.hu\/en\/wp-json\/wp\/v2\/pages\/1171\/revisions"}],"wp:attachment":[{"href":"https:\/\/kosziklavendeghaz.hu\/en\/wp-json\/wp\/v2\/media?parent=1171"}],"curies":[{"name":"wp","href":"https:\/\/api.w.org\/{rel}","templated":true}]}}