{"id":1183,"date":"2024-04-13T17:47:34","date_gmt":"2024-04-13T17:47:34","guid":{"rendered":"https:\/\/kosziklavendeghaz.hu\/?page_id=1183"},"modified":"2025-03-03T11:03:41","modified_gmt":"2025-03-03T11:03:41","slug":"toszkan","status":"publish","type":"page","link":"https:\/\/kosziklavendeghaz.hu\/en\/toszkan\/","title":{"rendered":"Toszk\u00e1n"},"content":{"rendered":"<div data-elementor-type=\"wp-page\" data-elementor-id=\"1183\" class=\"elementor elementor-1183\" data-elementor-post-type=\"page\">\n\t\t\t\t\t\t<section class=\"elementor-section elementor-top-section elementor-element elementor-element-1eabae1d elementor-section-full_width elementor-section-height-default elementor-section-height-default\" data-id=\"1eabae1d\" data-element_type=\"section\" data-e-type=\"section\">\n\t\t\t\t\t\t<div class=\"elementor-container elementor-column-gap-no\">\n\t\t\t\t\t<div class=\"elementor-column elementor-col-100 elementor-top-column elementor-element elementor-element-62362db1\" data-id=\"62362db1\" data-element_type=\"column\" data-e-type=\"column\">\n\t\t\t<div class=\"elementor-widget-wrap elementor-element-populated\">\n\t\t\t\t\t\t<div class=\"elementor-element elementor-element-81a3904 elementor--v-position-bottom elementor--h-position-center elementor-arrows-position-inside elementor-pagination-position-inside elementor-widget elementor-widget-slides\" data-id=\"81a3904\" data-element_type=\"widget\" data-e-type=\"widget\" data-settings=\"{&quot;navigation&quot;:&quot;both&quot;,&quot;autoplay&quot;:&quot;yes&quot;,&quot;pause_on_hover&quot;:&quot;yes&quot;,&quot;pause_on_interaction&quot;:&quot;yes&quot;,&quot;autoplay_speed&quot;:5000,&quot;infinite&quot;:&quot;yes&quot;,&quot;transition&quot;:&quot;slide&quot;,&quot;transition_speed&quot;:500}\" data-widget_type=\"slides.default\">\n\t\t\t\t<div class=\"elementor-widget-container\">\n\t\t\t\t\t\t\t\t\t<div class=\"elementor-swiper\">\n\t\t\t\t\t<div class=\"elementor-slides-wrapper elementor-main-swiper swiper\" role=\"region\" aria-roledescription=\"carousel\" aria-label=\"Di\u00e1k\" dir=\"ltr\" data-animation=\"fadeInUp\">\n\t\t\t\t<div class=\"swiper-wrapper elementor-slides\">\n\t\t\t\t\t\t\t\t\t\t<div class=\"elementor-repeater-item-aeca893 swiper-slide\" role=\"group\" aria-roledescription=\"slide\"><div class=\"swiper-slide-bg elementor-ken-burns elementor-ken-burns--out\" role=\"img\" aria-label=\"Reggeli \u00e9s vacsora men\u00fc egyben rendelhet\u0151 a K\u0151szikla Vend\u00e9gh\u00e1zba. B\u0151s\u00e9ges termel\u0151i reggeli \u00e9s az igazi olasz \u00e9telekb\u0151l \u00e1ll\u00f3 h\u00e1rom fog\u00e1sos vacsora, amelyet kisz\u00e1ll\u00edt olasz partner\u00fcnk. F\u0151k\u00e9nt olasz alapanyogokb\u00f3l k\u00e9sz\u00fclnek az \u00e9telek, h\u00e1zilag, k\u00e9zzel gy\u00fart t\u00e9szt\u00e1b\u00f3l, kertb\u0151l szedett \u00e9s a k\u00f6rny\u00e9kbeli termel\u0151kt\u0151l v\u00e1s\u00e1rolt, friss f\u0171szern\u00f6v\u00e9nyekb\u0151l. A hearty farmer&#039;s breakfast and a three-course dinner of real Italian cuisine, delivered by our Italian partner. The dishes are mainly made with Italian ingredients, homemade, hand-kneaded pasta, and fresh herbs from the garden and bought from local farmers.\"><\/div><div class=\"elementor-background-overlay\"><\/div><a class=\"swiper-slide-inner\" href=\"https:\/\/kosziklavendeghaz.hu\/en\/foglalas\/\"><div class=\"swiper-slide-contents\"><div class=\"elementor-slide-heading\">Italian menu<\/div><\/div><\/a><\/div>\t\t\t\t<\/div>\n\t\t\t\t\t\t\t<\/div>\n\t\t\t\t<\/div>\n\t\t\t\t\t\t\t\t<\/div>\n\t\t\t\t<\/div>\n\t\t\t\t\t<\/div>\n\t\t<\/div>\n\t\t\t\t\t<\/div>\n\t\t<\/section>\n\t\t\t\t<section class=\"elementor-section elementor-top-section elementor-element elementor-element-7feabfa0 elementor-section-full_width elementor-section-height-default elementor-section-height-default\" data-id=\"7feabfa0\" data-element_type=\"section\" data-e-type=\"section\">\n\t\t\t\t\t\t\t<div class=\"elementor-background-overlay\"><\/div>\n\t\t\t\t\t\t\t<div class=\"elementor-container elementor-column-gap-no\">\n\t\t\t\t\t<div class=\"elementor-column elementor-col-50 elementor-top-column elementor-element elementor-element-5e924732\" data-id=\"5e924732\" data-element_type=\"column\" data-e-type=\"column\">\n\t\t\t<div class=\"elementor-widget-wrap elementor-element-populated\">\n\t\t\t\t\t\t<div class=\"elementor-element elementor-element-66959c06 elementor--h-position-center elementor--v-position-middle elementor-arrows-position-inside elementor-pagination-position-inside elementor-widget elementor-widget-slides\" data-id=\"66959c06\" data-element_type=\"widget\" data-e-type=\"widget\" data-settings=\"{&quot;navigation&quot;:&quot;both&quot;,&quot;autoplay&quot;:&quot;yes&quot;,&quot;pause_on_hover&quot;:&quot;yes&quot;,&quot;pause_on_interaction&quot;:&quot;yes&quot;,&quot;autoplay_speed&quot;:5000,&quot;infinite&quot;:&quot;yes&quot;,&quot;transition&quot;:&quot;slide&quot;,&quot;transition_speed&quot;:500}\" data-widget_type=\"slides.default\">\n\t\t\t\t<div class=\"elementor-widget-container\">\n\t\t\t\t\t\t\t\t\t<div class=\"elementor-swiper\">\n\t\t\t\t\t<div class=\"elementor-slides-wrapper elementor-main-swiper swiper\" role=\"region\" aria-roledescription=\"carousel\" aria-label=\"Di\u00e1k\" dir=\"ltr\" data-animation=\"fadeInUp\">\n\t\t\t\t<div class=\"swiper-wrapper elementor-slides\">\n\t\t\t\t\t\t\t\t\t\t<div class=\"elementor-repeater-item-0727fde swiper-slide\" role=\"group\" aria-roledescription=\"slide\"><div class=\"swiper-slide-bg\" role=\"img\" aria-label=\"A helyi termel\u0151i, olasz vacsoramen\u00fc a K\u0151szikla Vend\u00e9gh\u00e1zunkba rendelhet\u0151. K\u00e9t opci\u00f3 \u00e1ll rendelkez\u00e9sre a rendel\u00e9sn\u00e9l. Ol\u00edvaolajat haszn\u00e1lnak \u00e9s fagyasztott term\u00e9keket sohasem! A vacsoramen\u00fck fixek, de az egyes \u00e9telallergi\u00e1k figyelembe v\u00e9tel\u00e9vel k\u00e9sz\u00fclnek el. A h\u00e1rom fog\u00e1s: primo, azaz els\u0151: t\u00e9szta vagy risotto, secundo, azaz m\u00e1sodik: h\u00fasos, k\u00f6rettel, \u00e9s a dolce, vagyis a desszert. At our K\u0151szikla Guest House, you can order the Italian dinner menu made from local producers. Two options are available when placing an order, and they exclusively use olive oil and fresh products. The dinner menus are set but can be adjusted for individual food allergies. The meal includes three courses: primo (first course) with pasta or risotto, secundo (second course) with meat and side dishes, and dolce (dessert).\"><\/div><div class=\"swiper-slide-inner\" ><div class=\"swiper-slide-contents\"><\/div><\/div><\/div><div class=\"elementor-repeater-item-44a1ace swiper-slide\" role=\"group\" aria-roledescription=\"slide\"><div class=\"swiper-slide-bg\" role=\"img\" aria-label=\"Reggeli \u00e9s vacsora men\u00fc egyben rendelhet\u0151 a K\u0151szikla Vend\u00e9gh\u00e1zba. B\u0151s\u00e9ges termel\u0151i reggeli \u00e9s az igazi olasz \u00e9telekb\u0151l \u00e1ll\u00f3 h\u00e1rom fog\u00e1sos vacsora, amelyet kisz\u00e1ll\u00edt olasz partner\u00fcnk. F\u0151k\u00e9nt olasz alapanyogokb\u00f3l k\u00e9sz\u00fclnek az \u00e9telek, h\u00e1zilag, k\u00e9zzel gy\u00fart t\u00e9szt\u00e1b\u00f3l, kertb\u0151l szedett \u00e9s a k\u00f6rny\u00e9kbeli termel\u0151kt\u0151l v\u00e1s\u00e1rolt, friss f\u0171szern\u00f6v\u00e9nyekb\u0151l. A hearty farmer&#039;s breakfast and a three-course dinner of real Italian cuisine, delivered by our Italian partner. The dishes are mainly made with Italian ingredients, homemade, hand-kneaded pasta, and fresh herbs from the garden and bought from local farmers.\"><\/div><div class=\"swiper-slide-inner\" ><div class=\"swiper-slide-contents\"><\/div><\/div><\/div><div class=\"elementor-repeater-item-24a0717 swiper-slide\" role=\"group\" aria-roledescription=\"slide\"><div class=\"swiper-slide-bg\" role=\"img\" aria-label=\"Romantikus vacsora \u00e9s pihen\u00e9s egy helyen? N\u00e1lunk , a K\u0151szikla Vend\u00e9gh\u00e1zban, a B\u00f6rzs\u00f6nyligeti sz\u00e1ll\u00e1shely\u00fcnk\u00f6n mindez lehets\u00e9ges! Az eg\u00e9sz Vend\u00e9gh\u00e1zban CSAK TI vagytok! Romantikus vacsora, teljesen priv\u00e1t sz\u00e1ll\u00e1s! Kedvez\u0151 \u00e1rak! Experience a romantic dinner and relaxation all in one place with us at the K\u0151szikla Guest House in B\u00f6rzs\u00f6nyliget! Enjoy exclusive access to the entire Guest House for a truly private and intimate experience. Indulge in a romantic dinner and cozy accommodation at affordable prices.\"><\/div><div class=\"swiper-slide-inner\" ><div class=\"swiper-slide-contents\"><\/div><\/div><\/div><div class=\"elementor-repeater-item-fb877c8 swiper-slide\" role=\"group\" aria-roledescription=\"slide\"><div class=\"swiper-slide-bg\" role=\"img\" aria-label=\"R\u00e9tes \u00e9s olasz desszert k\u00fcl\u00f6nlegess\u00e9gekkel lep meg az olasz sz\u00e1rmaz\u00e1s\u00fa h\u00e1zasp\u00e1r, akik elk\u00e9sz\u00edtik, helybe hozz\u00e1k a megrendelt men\u00fct. TRATTORIADELLABACCA@GMAIL.COM ezen az email c\u00edmen lehet \u0151ket el\u00e9rni. TRATTORIADELLABACCA n\u00e9ven el\u00e9rhet\u0151ek. The Italian married couple responsible for preparing and delivering the ordered menu will delight you with their authentic Italian dishes and desserts. You can contact them at TRATTORIADELLABACCA@GMAIL.COM. They operate under the name TRATTORIADELLABACCA.\"><\/div><div class=\"swiper-slide-inner\" ><div class=\"swiper-slide-contents\"><\/div><\/div><\/div><div class=\"elementor-repeater-item-0313575 swiper-slide\" role=\"group\" aria-roledescription=\"slide\"><div class=\"swiper-slide-bg\" role=\"img\" aria-label=\"TRATTORIADELLABACCA@GMAIL.COM c\u00edmen el\u00e9rhet\u0151 olasz vacsora szolg\u00e1ltat\u00e1s. A H\u00e1zt\u00e1ji \u00edzek, olasz, mediterr\u00e1n f\u0171szerez\u00e9s \u00e9s egy csipet szeretet. Ez az, amit olasz partner\u00fcnk a B\u00f6rzs\u00f6nyliget sz\u00edv\u00e9ben ,kismarosi Vend\u00e9gh\u00e1zunkba ny\u00fajtani tud. Egy h\u00e9ttel el\u0151tte \u00e9rdemes megrendelni, hogy biztosan tudj\u00e1k fogadni a rendel\u00e9st. For an Italian dinner service, reach out to TRATTORIADELLABACCA@GMAIL.COM. Experience backyard flavors, Italian and Mediterranean seasoning, with a touch of love. Our Italian partner offers this delightful experience at our guest house in Kismaros, nestled in the heart of B\u00f6rzs\u00f6nyliget. To secure your order, it&#039;s recommended to place it a week ahead.\"><\/div><div class=\"swiper-slide-inner\" ><div class=\"swiper-slide-contents\"><\/div><\/div><\/div><div class=\"elementor-repeater-item-bcf7b02 swiper-slide\" role=\"group\" aria-roledescription=\"slide\"><div class=\"swiper-slide-bg\" role=\"img\" aria-label=\"Reggeli k\u00e1v\u00e9z\u00e1s a teraszon, a Vid\u00e9ki \u00cdzek reggelij\u00e9t\u0151l beszerezve. A Vend\u00e9gh\u00e1zunkba k\u00f6rny\u00e9kbeli termel\u0151kt\u0151l beszerzett, finom reggelit tudsz rendelni. A h\u00fasokat \u00e9s felv\u00e1gottakat a k\u00f6zeli h\u00fas\u00fczemb\u0151l val\u00f3k, ahol a term\u00e9szetes \u00edzek \u00e9s a felesleges adal\u00e9kanyag-mentess\u00e9g kulcsfontoss\u00e1g\u00fa. A friss joghurt \u00e9s a 100%-ban tart\u00f3s\u00edt\u00f3szer-mentes gy\u00fcm\u00f6lcsl\u00e9 bio gazd\u00e1lkod\u00e1sb\u00f3l sz\u00e1rmaz\u00f3 alapanyagokb\u00f3l k\u00e9sz\u00fcl. Enjoying morning coffee on the terrace, bought from Rural Flavors for breakfast. You can order a delicious breakfast from local producers in our guest house. The meats and cold cuts are sourced from a nearby butchery, where natural flavors and the absence of unnecessary additives are essential. The fresh yogurt and 100% preservative-free juice are made from organically farmed ingredients.\"><\/div><div class=\"swiper-slide-inner\" ><div class=\"swiper-slide-contents\"><\/div><\/div><\/div><div class=\"elementor-repeater-item-8651e33 swiper-slide\" role=\"group\" aria-roledescription=\"slide\"><div class=\"swiper-slide-bg\" role=\"img\" aria-label=\"A helyi termel\u0151k term\u00e9keib\u0151l \u00f6sszev\u00e1logatott reggeli kos\u00e1r \u00e9s h\u00e1romfog\u00e1sos \u00ednyenc vacsora igazi k\u00fcl\u00f6nlegess\u00e9g a Dunakanyarban! K\u0151szikla Vend\u00e9gh\u00e1zban megsz\u00e1ll\u00f3 vend\u00e9geink mindezt ig\u00e9nybe vehetik. Romantikus ny\u00e1ri este mad\u00e1rcsicserg\u00e9sben a friss erdei leveg\u0151n! A legjobb kikapcsol\u00f3d\u00e1s az eg\u00e9sz csal\u00e1dnak! In the Danube Bend, a breakfast basket and a three-course gourmet dinner made from local produce are a specialty. Guests staying at K\u0151szikla Guest House can enjoy these amenities, along with the romantic ambiance of a summer evening surrounded by the sounds of chirping birds and the fresh forest air. It&#039;s the perfect getaway for families looking to relax and unwind.\"><\/div><div class=\"swiper-slide-inner\" ><div class=\"swiper-slide-contents\"><\/div><\/div><\/div><div class=\"elementor-repeater-item-ab4228c swiper-slide\" role=\"group\" aria-roledescription=\"slide\"><div class=\"swiper-slide-bg\" role=\"img\" aria-label=\"A reggeli kos\u00e1r tartalma: kov\u00e1szos p\u00e9k\u00e1ru, termel\u0151i tej, vaj, joghurt, gy\u00fcm\u00f6lcsl\u00e9, h\u00e1zi lekv\u00e1r, olasz szal\u00e1mik, sonk\u00e1k, sajtok, mozzarella, aszalt paradicsom, ol\u00edvabogy\u00f3, id\u00e9ny z\u00f6lds\u00e9g. The breakfast basket contains sourdough bread, farmhouse milk, butter, yogurt, fruit juice, homemade jam, Italian salami, ham, cheese, mozzarella, sun-dried tomatoes, olives, and seasonal vegetables.\"><\/div><div class=\"swiper-slide-inner\" ><div class=\"swiper-slide-contents\"><\/div><\/div><\/div>\t\t\t\t<\/div>\n\t\t\t\t\t\t\t\t\t\t\t\t\t\t\t<div class=\"elementor-swiper-button elementor-swiper-button-prev\" role=\"button\" tabindex=\"0\" aria-label=\"Previous slide\" data-no-translation-aria-label=\"\">\n\t\t\t\t\t\t\t<svg aria-hidden=\"true\" class=\"e-font-icon-svg e-eicon-chevron-left\" viewbox=\"0 0 1000 1000\" xmlns=\"http:\/\/www.w3.org\/2000\/svg\"><path d=\"M646 125C629 125 613 133 604 142L308 442C296 454 292 471 292 487 292 504 296 521 308 533L604 854C617 867 629 875 646 875 663 875 679 871 692 858 704 846 713 829 713 812 713 796 708 779 692 767L438 487 692 225C700 217 708 204 708 187 708 171 704 154 692 142 675 129 663 125 646 125Z\"><\/path><\/svg>\t\t\t\t\t\t<\/div>\n\t\t\t\t\t\t<div class=\"elementor-swiper-button elementor-swiper-button-next\" role=\"button\" tabindex=\"0\" aria-label=\"Next slide\" data-no-translation-aria-label=\"\">\n\t\t\t\t\t\t\t<svg aria-hidden=\"true\" class=\"e-font-icon-svg e-eicon-chevron-right\" viewbox=\"0 0 1000 1000\" xmlns=\"http:\/\/www.w3.org\/2000\/svg\"><path d=\"M696 533C708 521 713 504 713 487 713 471 708 454 696 446L400 146C388 133 375 125 354 125 338 125 325 129 313 142 300 154 292 171 292 187 292 204 296 221 308 233L563 492 304 771C292 783 288 800 288 817 288 833 296 850 308 863 321 871 338 875 354 875 371 875 388 867 400 854L696 533Z\"><\/path><\/svg>\t\t\t\t\t\t<\/div>\n\t\t\t\t\t\t\t\t\t\t\t\t\t\t\t\t<div class=\"swiper-pagination\"><\/div>\n\t\t\t\t\t\t\t\t\t\t\t\t<\/div>\n\t\t\t\t<\/div>\n\t\t\t\t\t\t\t\t<\/div>\n\t\t\t\t<\/div>\n\t\t\t\t\t<\/div>\n\t\t<\/div>\n\t\t\t\t<div class=\"elementor-column elementor-col-50 elementor-top-column elementor-element elementor-element-14e6a763\" data-id=\"14e6a763\" data-element_type=\"column\" data-e-type=\"column\" data-settings=\"{&quot;background_background&quot;:&quot;classic&quot;}\">\n\t\t\t<div class=\"elementor-widget-wrap elementor-element-populated\">\n\t\t\t\t\t\t<div class=\"elementor-element elementor-element-a29f2a1 elementor-widget elementor-widget-heading\" data-id=\"a29f2a1\" data-element_type=\"widget\" data-e-type=\"widget\" data-widget_type=\"heading.default\">\n\t\t\t\t<div class=\"elementor-widget-container\">\n\t\t\t\t\t<h4 class=\"elementor-heading-title elementor-size-default\">Breakfast + Dinner offer (min. 2 persons)<\/h4>\t\t\t\t<\/div>\n\t\t\t\t<\/div>\n\t\t\t\t<div class=\"elementor-element elementor-element-30d702a7 elementor-widget elementor-widget-text-editor\" data-id=\"30d702a7\" data-element_type=\"widget\" data-e-type=\"widget\" data-widget_type=\"text-editor.default\">\n\t\t\t\t<div class=\"elementor-widget-container\">\n\t\t\t\t\t\t\t\t\t<p>A hearty farmer's breakfast and a three-course dinner of authentic Italian cuisine, delivered by our Italian partner.<br \/><em><strong>A.\/Option: 1x breakfast basket +1\u00d73 course Italian dinner \/ 13.600Ft\/person<\/strong><\/em><br \/><em><strong>B.\/Option: 1x breakfast basket +2\u00d73 course Italian dinner \/ 23.200Ft\/person -&gt; +1 breakfast basket for free! -&lt;<br \/><\/strong>+Delivery fee: 790 HUF each way.  \nSurcharge for gluten-free, lactose-free, vegetarian, or vegan meals: 1,190 HUF per person, per meal.<strong><br \/><\/strong><\/em>The three courses are primo, or first pasta or risotto; secundo, or second meat with a side dish; and dolce, or dessert.<br \/>The breakfast basket includes sourdough bread, farmhouse milk, butter, yogurt, fruit juice, homemade jam, Italian salami, ham, cheese, mozzarella, sun-dried tomatoes, olives, and seasonal vegetables.<br \/>The dishes are mainly made with Italian ingredients, homemade, handmade pasta, and fresh herbs from the garden and bought from local farmers. They use olive oil and never frozen products! Dinner menus are fixed but are prepared with individual food allergies in mind. <span style=\"font-size: inherit;\">You can order at least one week before arrival.<\/span><br \/><em><strong>Place your order here: -&gt;&gt;<\/strong><\/em>\u00a0trattoriadellabacca@gmail.com<\/p>\t\t\t\t\t\t\t\t<\/div>\n\t\t\t\t<\/div>\n\t\t\t\t\t<\/div>\n\t\t<\/div>\n\t\t\t\t\t<\/div>\n\t\t<\/section>\n\t\t\t\t<\/div>","protected":false},"excerpt":{"rendered":"<p>Toszk\u00e1n men\u00fc Reggeli + Vacsora aj\u00e1nlat (min. 2 f\u0151re) B\u0151s\u00e9ges termel\u0151i reggeli \u00e9s az igazi olasz \u00e9telekb\u0151l \u00e1ll\u00f3 h\u00e1rom fog\u00e1sos vacsora, amelyet kisz\u00e1ll\u00edt olasz partner\u00fcnk.A.\/Opci\u00f3: 1x reggeli kos\u00e1r +1&#215;3 fog\u00e1sos olasz vacsora \/ 13.600Ft\/F\u0151B.\/Opci\u00f3: 1x reggeli kos\u00e1r + 2\u00d73 fog\u00e1sos olasz vacsora \/ 23.200Ft\/F\u0151 -&gt; +1 db reggeli kos\u00e1r ingyen! -&lt;+790 Ft\/\u00fat kisz\u00e1ll\u00edt\u00e1s, Glut\u00e9n\/Lakt\u00f3z\/Veget\u00e1ri\u00e1nus\/veg\u00e1n fel\u00e1r: &#8230; <a title=\"Toszk\u00e1n\" class=\"read-more\" href=\"https:\/\/kosziklavendeghaz.hu\/en\/toszkan\/\" aria-label=\"Read more about Toszk\u00e1n\">Read more<\/a><\/p>","protected":false},"author":1,"featured_media":0,"parent":0,"menu_order":0,"comment_status":"closed","ping_status":"closed","template":"elementor_header_footer","meta":{"footnotes":""},"class_list":["post-1183","page","type-page","status-publish"],"_links":{"self":[{"href":"https:\/\/kosziklavendeghaz.hu\/en\/wp-json\/wp\/v2\/pages\/1183","targetHints":{"allow":["GET"]}}],"collection":[{"href":"https:\/\/kosziklavendeghaz.hu\/en\/wp-json\/wp\/v2\/pages"}],"about":[{"href":"https:\/\/kosziklavendeghaz.hu\/en\/wp-json\/wp\/v2\/types\/page"}],"author":[{"embeddable":true,"href":"https:\/\/kosziklavendeghaz.hu\/en\/wp-json\/wp\/v2\/users\/1"}],"replies":[{"embeddable":true,"href":"https:\/\/kosziklavendeghaz.hu\/en\/wp-json\/wp\/v2\/comments?post=1183"}],"version-history":[{"count":6,"href":"https:\/\/kosziklavendeghaz.hu\/en\/wp-json\/wp\/v2\/pages\/1183\/revisions"}],"predecessor-version":[{"id":4798,"href":"https:\/\/kosziklavendeghaz.hu\/en\/wp-json\/wp\/v2\/pages\/1183\/revisions\/4798"}],"wp:attachment":[{"href":"https:\/\/kosziklavendeghaz.hu\/en\/wp-json\/wp\/v2\/media?parent=1183"}],"curies":[{"name":"wp","href":"https:\/\/api.w.org\/{rel}","templated":true}]}}