{"id":1191,"date":"2024-04-13T17:52:13","date_gmt":"2024-04-13T17:52:13","guid":{"rendered":"https:\/\/kosziklavendeghaz.hu\/?page_id=1191"},"modified":"2024-06-13T08:24:11","modified_gmt":"2024-06-13T08:24:11","slug":"etterem","status":"publish","type":"page","link":"https:\/\/kosziklavendeghaz.hu\/en\/etterem\/","title":{"rendered":"\u00c9tterem"},"content":{"rendered":"<div data-elementor-type=\"wp-page\" data-elementor-id=\"1191\" class=\"elementor elementor-1191\" data-elementor-post-type=\"page\">\n\t\t\t\t\t\t<section class=\"elementor-section elementor-top-section elementor-element elementor-element-4fda9af4 elementor-section-full_width elementor-section-height-default elementor-section-height-default\" data-id=\"4fda9af4\" data-element_type=\"section\" data-e-type=\"section\">\n\t\t\t\t\t\t<div class=\"elementor-container elementor-column-gap-no\">\n\t\t\t\t\t<div class=\"elementor-column elementor-col-100 elementor-top-column elementor-element elementor-element-73a29adc\" data-id=\"73a29adc\" data-element_type=\"column\" data-e-type=\"column\">\n\t\t\t<div class=\"elementor-widget-wrap elementor-element-populated\">\n\t\t\t\t\t\t<div class=\"elementor-element elementor-element-7491af6f elementor--v-position-bottom elementor--h-position-center elementor-arrows-position-inside elementor-pagination-position-inside elementor-widget elementor-widget-slides\" data-id=\"7491af6f\" data-element_type=\"widget\" data-e-type=\"widget\" data-settings=\"{&quot;navigation&quot;:&quot;both&quot;,&quot;autoplay&quot;:&quot;yes&quot;,&quot;pause_on_hover&quot;:&quot;yes&quot;,&quot;pause_on_interaction&quot;:&quot;yes&quot;,&quot;autoplay_speed&quot;:5000,&quot;infinite&quot;:&quot;yes&quot;,&quot;transition&quot;:&quot;slide&quot;,&quot;transition_speed&quot;:500}\" data-widget_type=\"slides.default\">\n\t\t\t\t<div class=\"elementor-widget-container\">\n\t\t\t\t\t\t\t\t\t<div class=\"elementor-swiper\">\n\t\t\t\t\t<div class=\"elementor-slides-wrapper elementor-main-swiper swiper\" role=\"region\" aria-roledescription=\"carousel\" aria-label=\"Di\u00e1k\" dir=\"ltr\" data-animation=\"fadeInUp\">\n\t\t\t\t<div class=\"swiper-wrapper elementor-slides\">\n\t\t\t\t\t\t\t\t\t\t<div class=\"elementor-repeater-item-aeca893 swiper-slide\" role=\"group\" aria-roledescription=\"slide\"><div class=\"swiper-slide-bg elementor-ken-burns elementor-ken-burns--out\" role=\"img\" aria-label=\"Partnereinknek k\u00f6sz\u00f6nhet\u0151en rengeteg extra szolg\u00e1ltat\u00e1s k\u00f6z\u00fcl v\u00e1laszthattok, legyen az \u00e9tkez\u00e9si (reggeli, vacsora). Dunakanyar legjobb \u00e9ttermeib\u0151l, hamburgerez\u0151ib\u0151l, bisztr\u00f3ib\u00f3l \u00f6sszefoglal\u00f3. Kedvenc k\u00f6zeli \u00e9ttermeink: Patak Vend\u00e9gl\u0151 \u00e9s a Morg\u00f3 \u00e9tterem. With our partners&#039; help, you can access various additional services, including meal options like breakfast and dinner. Explore a compilation of top-rated restaurants, burger spots, and bistros along the Danube bend. Some of our recommended nearby restaurants include Patak Vend\u00e9gl\u0151 and Morg\u00f3 restaurant.\"><\/div><div class=\"elementor-background-overlay\"><\/div><a class=\"swiper-slide-inner\" href=\"https:\/\/kosziklavendeghaz.hu\/en\/foglalas\/\"><div class=\"swiper-slide-contents\"><div class=\"elementor-slide-heading\">Gastronomy<\/div><\/div><\/a><\/div>\t\t\t\t<\/div>\n\t\t\t\t\t\t\t<\/div>\n\t\t\t\t<\/div>\n\t\t\t\t\t\t\t\t<\/div>\n\t\t\t\t<\/div>\n\t\t\t\t\t<\/div>\n\t\t<\/div>\n\t\t\t\t\t<\/div>\n\t\t<\/section>\n\t\t\t\t<section class=\"elementor-section elementor-top-section elementor-element elementor-element-3f1becd4 elementor-section-full_width elementor-section-height-default elementor-section-height-default\" data-id=\"3f1becd4\" data-element_type=\"section\" data-e-type=\"section\">\n\t\t\t\t\t\t\t<div class=\"elementor-background-overlay\"><\/div>\n\t\t\t\t\t\t\t<div class=\"elementor-container elementor-column-gap-no\">\n\t\t\t\t\t<div class=\"elementor-column elementor-col-50 elementor-top-column elementor-element elementor-element-42bceb96\" data-id=\"42bceb96\" data-element_type=\"column\" data-e-type=\"column\">\n\t\t\t<div class=\"elementor-widget-wrap elementor-element-populated\">\n\t\t\t\t\t\t<div class=\"elementor-element elementor-element-655f765f elementor--h-position-center elementor--v-position-middle elementor-arrows-position-inside elementor-pagination-position-inside elementor-widget elementor-widget-slides\" data-id=\"655f765f\" data-element_type=\"widget\" data-e-type=\"widget\" data-settings=\"{&quot;navigation&quot;:&quot;both&quot;,&quot;autoplay&quot;:&quot;yes&quot;,&quot;pause_on_hover&quot;:&quot;yes&quot;,&quot;pause_on_interaction&quot;:&quot;yes&quot;,&quot;autoplay_speed&quot;:5000,&quot;infinite&quot;:&quot;yes&quot;,&quot;transition&quot;:&quot;slide&quot;,&quot;transition_speed&quot;:500}\" data-widget_type=\"slides.default\">\n\t\t\t\t<div class=\"elementor-widget-container\">\n\t\t\t\t\t\t\t\t\t<div class=\"elementor-swiper\">\n\t\t\t\t\t<div class=\"elementor-slides-wrapper elementor-main-swiper swiper\" role=\"region\" aria-roledescription=\"carousel\" aria-label=\"Di\u00e1k\" dir=\"ltr\" data-animation=\"fadeInUp\">\n\t\t\t\t<div class=\"swiper-wrapper elementor-slides\">\n\t\t\t\t\t\t\t\t\t\t<div class=\"elementor-repeater-item-8651e33 swiper-slide\" role=\"group\" aria-roledescription=\"slide\"><div class=\"swiper-slide-bg\" role=\"img\" aria-label=\"Kert\u00fcnkben bogr\u00e1csoz\u00e1sra, szalonnas\u00fct\u00e9sre \u00e9s grillez\u00e9sre is van lehet\u0151s\u00e9g. Termel\u0151i \u00edzek, n\u00e9pszer\u0171 \u00e9ttermek a k\u00f6zelben. A K\u0151szikla Vend\u00e9gh\u00e1zba rendelhet\u0151 \u00e9tel az \u00e9ttermekb\u0151l. Patak vend\u00e9gl\u0151: A Dunakanyar legjobb \u00e9ttermeinek egyike. V\u00e1ltozatos \u00e9telk\u00edn\u00e1lattal, men\u00fcvel h\u00e9tv\u00e9genk\u00e9nt zen\u00e9s esttel v\u00e1rja a vend\u00e9geket. Morg\u00f3 \u00e9tterem: Vend\u00e9gh\u00e1zunkt\u00f3l 5 perces s\u00e9tat\u00e1vols\u00e1gra tal\u00e1lhat\u00f3! Sz\u00e9les az \u00e9telk\u00edn\u00e1lata, kemenc\u00e9ben s\u00fclt pizza kaphat\u00f3. In our garden, you can enjoy cooking, frying bacon, and grilling, creating delicious flavors akin to those found in popular restaurants nearby. When staying at K\u0151szikla Vend\u00e9gh\u00e1z, you can order food from two restaurants: Patak restaurant: A top-notch dining spot in the Danube Bend with a diverse menu and musical entertainment on weekends. Morg\u00f3 restaurant: Just a 5-minute walk from our guest house, offering a wide selection of dishes including oven-baked pizzas.\"><\/div><div class=\"swiper-slide-inner\" ><div class=\"swiper-slide-contents\"><\/div><\/div><\/div><div class=\"elementor-repeater-item-fb877c8 swiper-slide\" role=\"group\" aria-roledescription=\"slide\"><div class=\"swiper-slide-bg\" role=\"img\" aria-label=\"Grillen s\u00fct\u00f6tt finoms\u00e1gok, a Vend\u00e9gh\u00e1zban l\u00e9v\u0151 modern grillez\u0151vel. Kert\u00fcnkben bogr\u00e1csoz\u00e1sra, szalonnas\u00fct\u00e9sre \u00e9s grillez\u00e9sre is van lehet\u0151s\u00e9g. Termel\u0151i \u00edzek, n\u00e9pszer\u0171 \u00e9ttermek a k\u00f6zelben. In our garden, you can enjoy cooking, frying bacon, and grilling, creating delicious flavors akin to those found in popular restaurants nearby. Enjoy grilled delicacies using the modern grill available at the Guest House.\"><\/div><div class=\"swiper-slide-inner\" ><div class=\"swiper-slide-contents\"><\/div><\/div><\/div><div class=\"elementor-repeater-item-5338a3f swiper-slide\" role=\"group\" aria-roledescription=\"slide\"><div class=\"swiper-slide-bg\" role=\"img\" aria-label=\"Reggeliz\u0151 B\u00e9ke p\u00e9ks\u00e9g \u00e9s bisztr\u00f3 friss, meleg p\u00e9k\u00e1ruval, szendvicsekkel \u00e9s finom k\u00e1v\u00e9val v\u00e1r! A Dunakanyar legjobb hamburgerez\u0151i a k\u00f6zelben: \u00c1jj Burger \u00e9s \u00daton\u00e1ll\u00f3 Hamburgerez\u0151. Ha egy kis \u00e9dess\u00e9gre v\u00e1gysz mindenk\u00e9pp pr\u00f3b\u00e1ld ki a Sakura Cukr\u00e1szd\u00e1t (glut\u00e9nmentes s\u00fctik is kaphat\u00f3k) \u00e9s Misi R\u00e9tesh\u00e1z\u00e1t Szokoly\u00e1n. A Nagymaroson minden szombat reggel Termel\u0151i piac! Breakfast is served in the Peace Bakery and Bistro with fresh, hot pastries, sandwiches, and delicious coffee. The best burger joints in the Danube Bend are nearby. If you&#039;re in the mood for a sweet treat, try Sakura Confectionery (gluten-free cakes are also available) and Misi&#039;s R\u00e9tesh\u00e1z in Szokolya. There is a Farmers&#039; Market every Saturday morning in Nagymaros!\"><\/div><div class=\"swiper-slide-inner\" ><div class=\"swiper-slide-contents\"><\/div><\/div><\/div><div class=\"elementor-repeater-item-ad9dc5b swiper-slide\" role=\"group\" aria-roledescription=\"slide\"><div class=\"swiper-slide-bg\" role=\"img\" aria-label=\"&quot;Street kitchen\u201d d\u00edjas reggeliz\u0151hely. Est\u00e9nk\u00e9nt zenei fell\u00e9p\u00e9sek. Zseng\u00e9l\u0151 Cafe. The breakfast spot has also been recognized as a &quot;Street Kitchen,&quot; offering music performances in the evenings.\"><\/div><div class=\"swiper-slide-inner\" ><div class=\"swiper-slide-contents\"><\/div><\/div><\/div><div class=\"elementor-repeater-item-f8b9474 swiper-slide\" role=\"group\" aria-roledescription=\"slide\"><div class=\"swiper-slide-bg\" role=\"img\" aria-label=\"A Dunakanyar legjobb \u00e9ttermeinek egyike. V\u00e1ltozatos, meg\u00fajul\u00f3 \u00e9telk\u00edn\u00e1lattal, heti men\u00fcvel, h\u00e9tv\u00e9genk\u00e9nt pedig zen\u00e9s esttel v\u00e1rja a vend\u00e9geket. One of the top restaurants located along the Danube Bend offers a diverse and ever-changing menu, a weekly special, and musical evenings on weekends to delight its guests. patakvendeglo.hu\"><\/div><div class=\"swiper-slide-inner\" ><div class=\"swiper-slide-contents\"><\/div><\/div><\/div><div class=\"elementor-repeater-item-44a1ace swiper-slide\" role=\"group\" aria-roledescription=\"slide\"><div class=\"swiper-slide-bg\" role=\"img\" aria-label=\"hamburgerez\u0151 a Dunaparton\"><\/div><div class=\"swiper-slide-inner\" ><div class=\"swiper-slide-contents\"><\/div><\/div><\/div><div class=\"elementor-repeater-item-913d67b swiper-slide\" role=\"group\" aria-roledescription=\"slide\"><div class=\"swiper-slide-bg\" role=\"img\" aria-label=\"MORG\u00d3 \u00c9TTEREM: Sz\u00e9les \u00e9telk\u00edn\u00e1lattal \u00e9s frissen, kemenc\u00e9ben s\u00fclt pizz\u00e1val v\u00e1rja a vend\u00e9geket. Dunakanyar kedvenc \u00e9ttermeinek egyike. MORG\u00d3 RESTAURANT It welcomes its guests with a variety of food options, including freshly baked pizza from the oven.\"><\/div><div class=\"swiper-slide-inner\" ><div class=\"swiper-slide-contents\"><\/div><\/div><\/div><div class=\"elementor-repeater-item-bcf7b02 swiper-slide\" role=\"group\" aria-roledescription=\"slide\"><div class=\"swiper-slide-bg\" role=\"img\" aria-label=\"SAKURA CUKR\u00c1SZDA Dunakanyar egyik legjobb Cukr\u00e1szd\u00e1j\u00e1v\u00e1 v\u00e1lasztott\u00e1k. \u201cStreet kitchen\u201d d\u00edjas Cukr\u00e1szda. Glut\u00e9n-\u00e9s cukormentes s\u00fctem\u00e9nyek \u00e9s k\u00e9zm\u0171ves fagyi is kaphat\u00f3. SAKURA PASTRY SHOP Chosen as one of the top Confectioneries along the Danube Bend, this establishment has also been honored with the &quot;Street Kitchen&quot; award. Indulge in gluten- and sugar-free cakes, along with artisanal ice cream options.\"><\/div><div class=\"swiper-slide-inner\" ><div class=\"swiper-slide-contents\"><\/div><\/div><\/div><div class=\"elementor-repeater-item-519436b swiper-slide\" role=\"group\" aria-roledescription=\"slide\"><div class=\"swiper-slide-bg\" role=\"img\" aria-label=\"Desszertek s Dunakanyarban, Nagymaroson \u00e9s Szokoly\u00e1n tal\u00e1lhat\u00f3 Cukr\u00e1szd\u00e1ban minden megtal\u00e1lhat\u00f3. Nagymaroson a komp mellett \u00e9rdemes egy cukormentes fagyira vagy k\u00fcl\u00f6nleges s\u00fctem\u00e9ny k\u00f3stol\u00e1sra a Street Kitchen d\u00edjas Cukr\u00e1szd\u00e1ba bet\u00e9rni. A K\u0151szikla Vend\u00e9gh\u00e1zt\u00f3l, b\u00f6rzs\u00f6nyligeti sz\u00e1ll\u00e1shelyt\u0151l p\u00e1r perces aut\u00f3\u00fatnyira tal\u00e1lhat\u00f3. Indulge in a wide array of desserts and confectionery delights in Dunakanyar, specifically in Nagymaros and Szokolya. In Nagymaros, close to the ferry terminal, a visit to the acclaimed Street Kitchen Confectionery is a must. Treat yourself to sugar-free ice cream or savor a unique cake tasting experience. Conveniently situated just a short drive away from K\u0151szikla Guest House is the B\u00f6rzs\u00f6nyliget accommodation.\"><\/div><div class=\"swiper-slide-inner\" ><div class=\"swiper-slide-contents\"><\/div><\/div><\/div>\t\t\t\t<\/div>\n\t\t\t\t\t\t\t\t\t\t\t\t\t\t\t<div class=\"elementor-swiper-button elementor-swiper-button-prev\" role=\"button\" tabindex=\"0\" aria-label=\"Previous slide\">\n\t\t\t\t\t\t\t<svg aria-hidden=\"true\" class=\"e-font-icon-svg e-eicon-chevron-left\" viewbox=\"0 0 1000 1000\" xmlns=\"http:\/\/www.w3.org\/2000\/svg\"><path d=\"M646 125C629 125 613 133 604 142L308 442C296 454 292 471 292 487 292 504 296 521 308 533L604 854C617 867 629 875 646 875 663 875 679 871 692 858 704 846 713 829 713 812 713 796 708 779 692 767L438 487 692 225C700 217 708 204 708 187 708 171 704 154 692 142 675 129 663 125 646 125Z\"><\/path><\/svg>\t\t\t\t\t\t<\/div>\n\t\t\t\t\t\t<div class=\"elementor-swiper-button elementor-swiper-button-next\" role=\"button\" tabindex=\"0\" aria-label=\"Next slide\">\n\t\t\t\t\t\t\t<svg aria-hidden=\"true\" class=\"e-font-icon-svg e-eicon-chevron-right\" viewbox=\"0 0 1000 1000\" xmlns=\"http:\/\/www.w3.org\/2000\/svg\"><path d=\"M696 533C708 521 713 504 713 487 713 471 708 454 696 446L400 146C388 133 375 125 354 125 338 125 325 129 313 142 300 154 292 171 292 187 292 204 296 221 308 233L563 492 304 771C292 783 288 800 288 817 288 833 296 850 308 863 321 871 338 875 354 875 371 875 388 867 400 854L696 533Z\"><\/path><\/svg>\t\t\t\t\t\t<\/div>\n\t\t\t\t\t\t\t\t\t\t\t\t\t\t\t\t<div class=\"swiper-pagination\"><\/div>\n\t\t\t\t\t\t\t\t\t\t\t\t<\/div>\n\t\t\t\t<\/div>\n\t\t\t\t\t\t\t\t<\/div>\n\t\t\t\t<\/div>\n\t\t\t\t\t<\/div>\n\t\t<\/div>\n\t\t\t\t<div class=\"elementor-column elementor-col-50 elementor-top-column elementor-element elementor-element-4ced3cc0\" data-id=\"4ced3cc0\" data-element_type=\"column\" data-e-type=\"column\" data-settings=\"{&quot;background_background&quot;:&quot;classic&quot;}\">\n\t\t\t<div class=\"elementor-widget-wrap elementor-element-populated\">\n\t\t\t\t\t\t<div class=\"elementor-element elementor-element-656e0ce9 elementor-widget elementor-widget-heading\" data-id=\"656e0ce9\" data-element_type=\"widget\" data-e-type=\"widget\" data-widget_type=\"heading.default\">\n\t\t\t\t<div class=\"elementor-widget-container\">\n\t\t\t\t\t<h4 class=\"elementor-heading-title elementor-size-default\">Farmhouse flavors, popular restaurants<\/h4>\t\t\t\t<\/div>\n\t\t\t\t<\/div>\n\t\t\t\t<div class=\"elementor-element elementor-element-17cdb710 elementor-widget elementor-widget-text-editor\" data-id=\"17cdb710\" data-element_type=\"widget\" data-e-type=\"widget\" data-widget_type=\"text-editor.default\">\n\t\t\t\t<div class=\"elementor-widget-container\">\n\t\t\t\t\t\t\t\t\t<p>You can order food from the restaurants in the Guest House. \nPatak restaurant. The restaurant is one of the best in the region. \nMorg\u00f3 Restaurant is located 5 minutes walking distance from our guesthouse! It offers a wide range of dishes and oven-baked pizza. Breakfast is served in the Peace Bakery and Bistro with fresh, hot pastries, sandwiches, and delicious coffee. The best burger joints in the Danube Bend are nearby. If you're in the mood for a sweet treat, try Sakura Confectionery (gluten-free cakes are also available) and Misi's R\u00e9tesh\u00e1z in Szokolya. There is a Farmers' Market every Saturday morning in Nagymaros!<\/p>\t\t\t\t\t\t\t\t<\/div>\n\t\t\t\t<\/div>\n\t\t\t\t\t<\/div>\n\t\t<\/div>\n\t\t\t\t\t<\/div>\n\t\t<\/section>\n\t\t\t\t<\/div>","protected":false},"excerpt":{"rendered":"<p>Gasztron\u00f3mia Previous slide Next slide Termel\u0151i \u00edzek, n\u00e9pszer\u0171 \u00e9ttermek A Vend\u00e9gh\u00e1zba rendelhet\u0151 \u00e9tel az \u00e9ttermekb\u0151l. Patak vend\u00e9gl\u0151: A Dunakanyar legjobb \u00e9ttermeinek egyike. V\u00e1ltozatos \u00e9telk\u00edn\u00e1lattal, men\u00fcvel h\u00e9tv\u00e9genk\u00e9nt zen\u00e9s esttel v\u00e1rja a vend\u00e9geket. Morg\u00f3 \u00e9tterem: Vend\u00e9gh\u00e1zunkt\u00f3l 5 perces s\u00e9tat\u00e1vols\u00e1gra tal\u00e1lhat\u00f3! Sz\u00e9les az \u00e9telk\u00edn\u00e1lata, kemenc\u00e9ben s\u00fclt pizza kaphat\u00f3. Reggeliz\u0151 B\u00e9ke p\u00e9ks\u00e9g \u00e9s bisztr\u00f3 friss, meleg p\u00e9k\u00e1ruval, szendvicsekkel \u00e9s &#8230; <a title=\"\u00c9tterem\" class=\"read-more\" href=\"https:\/\/kosziklavendeghaz.hu\/en\/etterem\/\" aria-label=\"Read more about \u00c9tterem\">Read more<\/a><\/p>","protected":false},"author":1,"featured_media":0,"parent":0,"menu_order":0,"comment_status":"closed","ping_status":"closed","template":"elementor_header_footer","meta":{"footnotes":""},"class_list":["post-1191","page","type-page","status-publish"],"_links":{"self":[{"href":"https:\/\/kosziklavendeghaz.hu\/en\/wp-json\/wp\/v2\/pages\/1191","targetHints":{"allow":["GET"]}}],"collection":[{"href":"https:\/\/kosziklavendeghaz.hu\/en\/wp-json\/wp\/v2\/pages"}],"about":[{"href":"https:\/\/kosziklavendeghaz.hu\/en\/wp-json\/wp\/v2\/types\/page"}],"author":[{"embeddable":true,"href":"https:\/\/kosziklavendeghaz.hu\/en\/wp-json\/wp\/v2\/users\/1"}],"replies":[{"embeddable":true,"href":"https:\/\/kosziklavendeghaz.hu\/en\/wp-json\/wp\/v2\/comments?post=1191"}],"version-history":[{"count":0,"href":"https:\/\/kosziklavendeghaz.hu\/en\/wp-json\/wp\/v2\/pages\/1191\/revisions"}],"wp:attachment":[{"href":"https:\/\/kosziklavendeghaz.hu\/en\/wp-json\/wp\/v2\/media?parent=1191"}],"curies":[{"name":"wp","href":"https:\/\/api.w.org\/{rel}","templated":true}]}}