{"id":1565,"date":"2024-04-14T17:44:10","date_gmt":"2024-04-14T17:44:10","guid":{"rendered":"https:\/\/kosziklavendeghaz.hu\/?page_id=1565"},"modified":"2024-06-10T12:14:27","modified_gmt":"2024-06-10T12:14:27","slug":"hazirend","status":"publish","type":"page","link":"https:\/\/kosziklavendeghaz.hu\/en\/hazirend\/","title":{"rendered":"House rule"},"content":{"rendered":"<div data-elementor-type=\"wp-page\" data-elementor-id=\"1565\" class=\"elementor elementor-1565\" data-elementor-post-type=\"page\">\n\t\t\t\t\t\t<section class=\"elementor-section elementor-top-section elementor-element elementor-element-d07d545 elementor-section-boxed elementor-section-height-default elementor-section-height-default\" data-id=\"d07d545\" data-element_type=\"section\" data-e-type=\"section\" data-settings=\"{&quot;background_background&quot;:&quot;classic&quot;}\">\n\t\t\t\t\t\t<div class=\"elementor-container elementor-column-gap-default\">\n\t\t\t\t\t<div class=\"elementor-column elementor-col-100 elementor-top-column elementor-element elementor-element-3edd317\" data-id=\"3edd317\" data-element_type=\"column\" data-e-type=\"column\">\n\t\t\t<div class=\"elementor-widget-wrap elementor-element-populated\">\n\t\t\t\t\t\t<div class=\"elementor-element elementor-element-83703a3 elementor-widget elementor-widget-text-editor\" data-id=\"83703a3\" data-element_type=\"widget\" data-e-type=\"widget\" data-widget_type=\"text-editor.default\">\n\t\t\t\t<div class=\"elementor-widget-container\">\n\t\t\t\t\t\t\t\t\t<h5>HOUSE RULES \u2013 K\u0150SZIKLA VEND\u00c9GH\u00c1Z<\/h5><p>(2623. Kismaros \u0150z utca 3.)<\/p>\t\t\t\t\t\t\t\t<\/div>\n\t\t\t\t<\/div>\n\t\t\t\t<div class=\"elementor-element elementor-element-9947edf elementor-widget elementor-widget-text-editor\" data-id=\"9947edf\" data-element_type=\"widget\" data-e-type=\"widget\" data-widget_type=\"text-editor.default\">\n\t\t\t\t<div class=\"elementor-widget-container\">\n\t\t\t\t\t\t\t\t\t<ol><li>The accommodation can be booked from 2:00 p.m. on the day of arrival and must be vacated by 10:00 a.m. on the day of departure. Exceptions for longer stays require prior agreement with the accommodation provider.<\/li><li>Only the agreed number of guests can use the accommodation. Additional guests need approval from the accommodation provider beforehand.<\/li><li>Pets are allowed in the courtyard, lower terrace, and lower level of the building but are strictly prohibited on the upper level of the house.<\/li><li>Rearranging furniture and furnishings in the accommodation requires prior consent from the accommodation provider.<\/li><li>Guests must report any lost keys immediately and cover the costs of key replacement and lock changes.<\/li><li>The accommodation provider is not responsible for property damage or accidents due to improper use of the accommodation.<\/li><li>Guests are accountable for any damages resulting from improper use and must compensate the accommodation provider directly.<\/li><li>Notify the accommodation provider promptly of any issues during your stay; claims cannot be accepted afterward.<\/li><li>The accommodation provider is not responsible for any valuables left in the accommodation.<\/li><li>Loud noises, loud music, fireworks, or bright lights are not permitted in the Guest House.<\/li><li>Use of the infrared sauna and jacuzzi is at your own risk, following the posted instructions in the Guest House.<\/li><li>Maintain order, cleanliness, and proper use of furniture and equipment on the premises.<\/li><li>Firewood for barbecues is provided at the courtyard entrance; never leave the fire unattended.<\/li><li>In case of a fire, start rescue procedures, call the fire hotline at 105, and inform the accommodation provider.<\/li><li>Smoking is strictly prohibited on the property except in designated areas on the terrace.<\/li><li>The accommodation features individual heating and cooling air conditioners controlled by a remote in each room and firewood for the fireplace.<\/li><li>An equipped kitchen and dining table are available; guests are responsible for cleanliness and proper use of utensils.<\/li><li>Wi-Fi access details will be provided a day before arrival, located near the guest house entrance.<\/li><li>Parking is complimentary, and there is a closed courtyard entrance and electric car charging facilities (Type2\u2014charger) for guests.<\/li><li>Two bicycles are available for complimentary use. Guests are accountable for any damages resulting from improper use and must compensate the accommodation provider directly.<\/li><\/ol>\t\t\t\t\t\t\t\t<\/div>\n\t\t\t\t<\/div>\n\t\t\t\t\t<\/div>\n\t\t<\/div>\n\t\t\t\t\t<\/div>\n\t\t<\/section>\n\t\t\t\t<\/div>","protected":false},"excerpt":{"rendered":"<p>H\u00c1ZIREND \u2013 K\u0150SZIKLA VEND\u00c9GH\u00c1Z (2623. Kismaros \u0150z utca 3.) A sz\u00e1ll\u00e1shelyet az \u00e9rkez\u00e9s napj\u00e1n 14:00-t\u00f3l lehet elfoglalni, az elutaz\u00e1s napj\u00e1n d\u00e9lel\u0151tt 10:00-ig el kell hagyni. Ett\u0151l elt\u00e9rni csak hosszabb tart\u00f3zkod\u00e1s eset\u00e9n, a sz\u00e1ll\u00e1shely-szolg\u00e1ltat\u00f3val t\u00f6rt\u00e9n\u0151 el\u0151zetes egyeztet\u00e9st k\u00f6vet\u0151en lehets\u00e9ges. A sz\u00e1ll\u00e1shelyet csak az el\u0151re egyeztetett sz\u00e1m\u00fa vend\u00e9g veheti ig\u00e9nybe. Tov\u00e1bbi vend\u00e9get fogadni csak a sz\u00e1ll\u00e1shely-szolg\u00e1ltat\u00f3 el\u0151zetes &#8230; <a title=\"House rule\" class=\"read-more\" href=\"https:\/\/kosziklavendeghaz.hu\/en\/hazirend\/\" aria-label=\"Read more about H\u00e1zirend\">Read more<\/a><\/p>","protected":false},"author":1,"featured_media":0,"parent":0,"menu_order":0,"comment_status":"closed","ping_status":"closed","template":"elementor_header_footer","meta":{"footnotes":""},"class_list":["post-1565","page","type-page","status-publish"],"_links":{"self":[{"href":"https:\/\/kosziklavendeghaz.hu\/en\/wp-json\/wp\/v2\/pages\/1565","targetHints":{"allow":["GET"]}}],"collection":[{"href":"https:\/\/kosziklavendeghaz.hu\/en\/wp-json\/wp\/v2\/pages"}],"about":[{"href":"https:\/\/kosziklavendeghaz.hu\/en\/wp-json\/wp\/v2\/types\/page"}],"author":[{"embeddable":true,"href":"https:\/\/kosziklavendeghaz.hu\/en\/wp-json\/wp\/v2\/users\/1"}],"replies":[{"embeddable":true,"href":"https:\/\/kosziklavendeghaz.hu\/en\/wp-json\/wp\/v2\/comments?post=1565"}],"version-history":[{"count":0,"href":"https:\/\/kosziklavendeghaz.hu\/en\/wp-json\/wp\/v2\/pages\/1565\/revisions"}],"wp:attachment":[{"href":"https:\/\/kosziklavendeghaz.hu\/en\/wp-json\/wp\/v2\/media?parent=1565"}],"curies":[{"name":"wp","href":"https:\/\/api.w.org\/{rel}","templated":true}]}}