{"id":18,"date":"2024-03-24T09:58:40","date_gmt":"2024-03-24T09:58:40","guid":{"rendered":"https:\/\/kosziklavendeghaz.hu\/?page_id=18"},"modified":"2024-06-21T09:29:24","modified_gmt":"2024-06-21T09:29:24","slug":"arak-informaciok","status":"publish","type":"page","link":"https:\/\/kosziklavendeghaz.hu\/en\/arak-informaciok\/","title":{"rendered":"Danube bend"},"content":{"rendered":"<div data-elementor-type=\"wp-page\" data-elementor-id=\"18\" class=\"elementor elementor-18\" data-elementor-post-type=\"page\">\n\t\t\t\t\t\t<section class=\"elementor-section elementor-top-section elementor-element elementor-element-fa34b2b elementor-section-full_width elementor-section-height-default elementor-section-height-default\" data-id=\"fa34b2b\" data-element_type=\"section\" data-e-type=\"section\">\n\t\t\t\t\t\t<div class=\"elementor-container elementor-column-gap-no\">\n\t\t\t\t\t<div class=\"elementor-column elementor-col-100 elementor-top-column elementor-element elementor-element-4d8376f\" data-id=\"4d8376f\" data-element_type=\"column\" data-e-type=\"column\">\n\t\t\t<div class=\"elementor-widget-wrap elementor-element-populated\">\n\t\t\t\t\t\t<div class=\"elementor-element elementor-element-270687c elementor--v-position-bottom elementor--h-position-center elementor-arrows-position-inside elementor-pagination-position-inside elementor-widget elementor-widget-slides\" data-id=\"270687c\" data-element_type=\"widget\" data-e-type=\"widget\" data-settings=\"{&quot;navigation&quot;:&quot;both&quot;,&quot;autoplay&quot;:&quot;yes&quot;,&quot;pause_on_hover&quot;:&quot;yes&quot;,&quot;pause_on_interaction&quot;:&quot;yes&quot;,&quot;autoplay_speed&quot;:5000,&quot;infinite&quot;:&quot;yes&quot;,&quot;transition&quot;:&quot;slide&quot;,&quot;transition_speed&quot;:500}\" data-widget_type=\"slides.default\">\n\t\t\t\t<div class=\"elementor-widget-container\">\n\t\t\t\t\t\t\t\t\t<div class=\"elementor-swiper\">\n\t\t\t\t\t<div class=\"elementor-slides-wrapper elementor-main-swiper swiper\" role=\"region\" aria-roledescription=\"carousel\" aria-label=\"Slides\" dir=\"ltr\" data-animation=\"fadeInUp\">\n\t\t\t\t<div class=\"swiper-wrapper elementor-slides\">\n\t\t\t\t\t\t\t\t\t\t<div class=\"elementor-repeater-item-aeca893 swiper-slide\" role=\"group\" aria-roledescription=\"slide\"><div class=\"swiper-slide-bg elementor-ken-burns elementor-ken-burns--out\" role=\"img\" aria-label=\"csod\u00e1s panor\u00e1ma, t\u00faralehet\u0151s\u00e9gek a Dunakanyarban\"><\/div><div class=\"elementor-background-overlay\"><\/div><a class=\"swiper-slide-inner\" href=\"#elementor-action%3Aaction%3Dpopup%3Aopen%26settings%3DeyJpZCI6IjQxNDgiLCJ0b2dnbGUiOmZhbHNlfQ%3D%3D\"><div class=\"swiper-slide-contents\"><div class=\"elementor-slide-heading\">Danube bend<\/div><div  class=\"elementor-button elementor-slide-button elementor-size-sm\">Danube Bend 3in1! Exciting Sights+Programs+Culinary Delights Request our Travel Guide via E-mail FOR FREE!<\/div><\/div><\/a><\/div>\t\t\t\t<\/div>\n\t\t\t\t\t\t\t<\/div>\n\t\t\t\t<\/div>\n\t\t\t\t\t\t\t\t<\/div>\n\t\t\t\t<\/div>\n\t\t\t\t\t<\/div>\n\t\t<\/div>\n\t\t\t\t\t<\/div>\n\t\t<\/section>\n\t\t\t\t<section class=\"elementor-section elementor-top-section elementor-element elementor-element-4ec5fe77 elementor-section-full_width elementor-section-height-default elementor-section-height-default\" data-id=\"4ec5fe77\" data-element_type=\"section\" data-e-type=\"section\">\n\t\t\t\t\t\t\t<div class=\"elementor-background-overlay\"><\/div>\n\t\t\t\t\t\t\t<div class=\"elementor-container elementor-column-gap-no\">\n\t\t\t\t\t<div class=\"elementor-column elementor-col-50 elementor-top-column elementor-element elementor-element-7183fca3\" data-id=\"7183fca3\" data-element_type=\"column\" data-e-type=\"column\">\n\t\t\t<div class=\"elementor-widget-wrap elementor-element-populated\">\n\t\t\t\t\t\t<div class=\"elementor-element elementor-element-ed76a00 elementor--h-position-center elementor--v-position-middle elementor-arrows-position-inside elementor-pagination-position-inside elementor-widget elementor-widget-slides\" data-id=\"ed76a00\" data-element_type=\"widget\" data-e-type=\"widget\" data-settings=\"{&quot;navigation&quot;:&quot;both&quot;,&quot;autoplay&quot;:&quot;yes&quot;,&quot;pause_on_hover&quot;:&quot;yes&quot;,&quot;pause_on_interaction&quot;:&quot;yes&quot;,&quot;autoplay_speed&quot;:5000,&quot;infinite&quot;:&quot;yes&quot;,&quot;transition&quot;:&quot;slide&quot;,&quot;transition_speed&quot;:500}\" data-widget_type=\"slides.default\">\n\t\t\t\t<div class=\"elementor-widget-container\">\n\t\t\t\t\t\t\t\t\t<div class=\"elementor-swiper\">\n\t\t\t\t\t<div class=\"elementor-slides-wrapper elementor-main-swiper swiper\" role=\"region\" aria-roledescription=\"carousel\" aria-label=\"Slides\" dir=\"ltr\" data-animation=\"fadeInUp\">\n\t\t\t\t<div class=\"swiper-wrapper elementor-slides\">\n\t\t\t\t\t\t\t\t\t\t<div class=\"elementor-repeater-item-3b7bf0e swiper-slide\" role=\"group\" aria-roledescription=\"slide\"><div class=\"swiper-slide-bg\" role=\"img\" aria-label=\"fcj_page-0005\"><\/div><a class=\"swiper-slide-inner\" href=\"https:\/\/ilovedunakanyar.hu\/dunakanyar\/visegradi-var\/\" target=\"_blank\" rel=\"noopener\"><div class=\"swiper-slide-contents\"><\/div><\/a><\/div><div class=\"elementor-repeater-item-bcf7b02 swiper-slide\" role=\"group\" aria-roledescription=\"slide\"><div class=\"swiper-slide-bg\" role=\"img\" aria-label=\"fcj_page-0001\"><\/div><a class=\"swiper-slide-inner\" href=\"https:\/\/www.kiralyreti-erdei-vasut.hu\/\" target=\"_blank\" rel=\"noopener\"><div class=\"swiper-slide-contents\"><\/div><\/a><\/div><div class=\"elementor-repeater-item-6d95957 swiper-slide\" role=\"group\" aria-roledescription=\"slide\"><div class=\"swiper-slide-bg\" role=\"img\" aria-label=\"zk_page-0007\"><\/div><a class=\"swiper-slide-inner\" href=\"https:\/\/www.termeszetjaro.hu\/hu\/tour\/gyalogtura\/a-morgo-es-a-csoemoele-titkai\/28250658\/#caml=8hk,34rjys,7wuor6,0,0\" target=\"_blank\" rel=\"noopener\"><div class=\"swiper-slide-contents\"><\/div><\/a><\/div><div class=\"elementor-repeater-item-44a1ace swiper-slide\" role=\"group\" aria-roledescription=\"slide\"><div class=\"swiper-slide-bg\" role=\"img\" aria-label=\"zk_page-0001\"><\/div><a class=\"swiper-slide-inner\" href=\"https:\/\/www.termeszetjaro.hu\/hu\/poi\/kilato\/julianus-kilato-hegyes-teto-\/22184663\/#caml=8hk,34q2zg,7whrjz,0,0\" target=\"_blank\" rel=\"noopener\"><div class=\"swiper-slide-contents\"><\/div><\/a><\/div><div class=\"elementor-repeater-item-c1ee259 swiper-slide\" role=\"group\" aria-roledescription=\"slide\"><div class=\"swiper-slide-bg\" role=\"img\" aria-label=\"fcj_page-0004\"><\/div><a class=\"swiper-slide-inner\" href=\"https:\/\/vagabundus.blog.hu\/tags\/Riezner-forr%C3%A1s?layout=5\" target=\"_blank\" rel=\"noopener\"><div class=\"swiper-slide-contents\"><\/div><\/a><\/div><div class=\"elementor-repeater-item-6f3abe9 swiper-slide\" role=\"group\" aria-roledescription=\"slide\"><div class=\"swiper-slide-bg\" role=\"img\" aria-label=\"hj_page-0001\"><\/div><a class=\"swiper-slide-inner\" href=\"https:\/\/csodalatosmagyarorszag.hu\/hirek\/duna\/kisoroszi-szigetcsucs-a-duna-legszebb-szabadstrandja\/\" target=\"_blank\" rel=\"noopener\"><div class=\"swiper-slide-contents\"><\/div><\/a><\/div><div class=\"elementor-repeater-item-fb877c8 swiper-slide\" role=\"group\" aria-roledescription=\"slide\"><div class=\"swiper-slide-bg\" role=\"img\" aria-label=\"zk_page-0003\"><\/div><a class=\"swiper-slide-inner\" href=\"https:\/\/www.termeszetjaro.hu\/hu\/poi\/kilato\/varhegy-kilato-kiralyret-\/57237660\/\" target=\"_blank\" rel=\"noopener\"><div class=\"swiper-slide-contents\"><\/div><\/a><\/div><div class=\"elementor-repeater-item-006b2f7 swiper-slide\" role=\"group\" aria-roledescription=\"slide\"><div class=\"swiper-slide-bg\" role=\"img\" aria-label=\"vb_page-0002\"><\/div><a class=\"swiper-slide-inner\" href=\"https:\/\/visitvisegrad.hu\/latnivalok\/fellegvar\" target=\"_blank\" rel=\"noopener\"><div class=\"swiper-slide-contents\"><\/div><\/a><\/div><div class=\"elementor-repeater-item-a535af5 swiper-slide\" role=\"group\" aria-roledescription=\"slide\"><div class=\"swiper-slide-bg\" role=\"img\" aria-label=\"fcj_page-0003\"><\/div><a class=\"swiper-slide-inner\" href=\"https:\/\/www.kismaros.hu\/2017\/06\/17\/tura-a-nagy-kosziklahoz-a-gal-hegyre\/\" target=\"_blank\" rel=\"noopener\"><div class=\"swiper-slide-contents\"><\/div><\/a><\/div><div class=\"elementor-repeater-item-200d56e swiper-slide\" role=\"group\" aria-roledescription=\"slide\"><div class=\"swiper-slide-bg\" role=\"img\" aria-label=\"uzfu_page-0002\"><\/div><a class=\"swiper-slide-inner\" href=\"https:\/\/ilovedunakanyar.hu\/dunakanyar\/torokmezo-kalandpark\/\" target=\"_blank\" rel=\"noopener\"><div class=\"swiper-slide-contents\"><\/div><\/a><\/div>\t\t\t\t<\/div>\n\t\t\t\t\t\t\t\t\t\t\t\t\t\t\t<div class=\"elementor-swiper-button elementor-swiper-button-prev\" role=\"button\" tabindex=\"0\" aria-label=\"Previous slide\">\n\t\t\t\t\t\t\t<svg aria-hidden=\"true\" class=\"e-font-icon-svg e-eicon-chevron-left\" viewbox=\"0 0 1000 1000\" xmlns=\"http:\/\/www.w3.org\/2000\/svg\"><path d=\"M646 125C629 125 613 133 604 142L308 442C296 454 292 471 292 487 292 504 296 521 308 533L604 854C617 867 629 875 646 875 663 875 679 871 692 858 704 846 713 829 713 812 713 796 708 779 692 767L438 487 692 225C700 217 708 204 708 187 708 171 704 154 692 142 675 129 663 125 646 125Z\"><\/path><\/svg>\t\t\t\t\t\t<\/div>\n\t\t\t\t\t\t<div class=\"elementor-swiper-button elementor-swiper-button-next\" role=\"button\" tabindex=\"0\" aria-label=\"Next slide\">\n\t\t\t\t\t\t\t<svg aria-hidden=\"true\" class=\"e-font-icon-svg e-eicon-chevron-right\" viewbox=\"0 0 1000 1000\" xmlns=\"http:\/\/www.w3.org\/2000\/svg\"><path d=\"M696 533C708 521 713 504 713 487 713 471 708 454 696 446L400 146C388 133 375 125 354 125 338 125 325 129 313 142 300 154 292 171 292 187 292 204 296 221 308 233L563 492 304 771C292 783 288 800 288 817 288 833 296 850 308 863 321 871 338 875 354 875 371 875 388 867 400 854L696 533Z\"><\/path><\/svg>\t\t\t\t\t\t<\/div>\n\t\t\t\t\t\t\t\t\t\t\t\t\t\t\t\t<div class=\"swiper-pagination\"><\/div>\n\t\t\t\t\t\t\t\t\t\t\t\t<\/div>\n\t\t\t\t<\/div>\n\t\t\t\t\t\t\t\t<\/div>\n\t\t\t\t<\/div>\n\t\t\t\t\t<\/div>\n\t\t<\/div>\n\t\t\t\t<div class=\"elementor-column elementor-col-50 elementor-top-column elementor-element elementor-element-608536cb\" data-id=\"608536cb\" data-element_type=\"column\" data-e-type=\"column\" data-settings=\"{&quot;background_background&quot;:&quot;classic&quot;}\">\n\t\t\t<div class=\"elementor-widget-wrap elementor-element-populated\">\n\t\t\t\t\t\t<div class=\"elementor-element elementor-element-3cf588a elementor-widget elementor-widget-text-editor\" data-id=\"3cf588a\" data-element_type=\"widget\" data-e-type=\"widget\" data-widget_type=\"text-editor.default\">\n\t\t\t\t<div class=\"elementor-widget-container\">\n\t\t\t\t\t\t\t\t\t<p>Discover the diverse attractions of the Danube Bend, perfect for solo travelers, couples, families, and friends. Experience <strong>breathtaking landscapes<\/strong>, <strong>panoramic views<\/strong>, <strong>hiking<\/strong> , mushroom picking, and hunting in <strong>picturesque oak forests<\/strong>and flower meadows. Families can enjoy <strong>horse-drawn carriage rides<\/strong> , visit adventure parks, <strong>cycle<\/strong>along the Danube, go kayaking, and end the day with a delightful snack after a thrilling <strong>speedboat<\/strong> ride.<\/p>\t\t\t\t\t\t\t\t<\/div>\n\t\t\t\t<\/div>\n\t\t\t\t\t<\/div>\n\t\t<\/div>\n\t\t\t\t\t<\/div>\n\t\t<\/section>\n\t\t\t\t<\/div>","protected":false},"excerpt":{"rendered":"<p>DunakanyarDunakanyar 3:1-ben: Cs\u00e1b\u00edt\u00f3 l\u00e1tnival\u00f3k-Kaland-Gasztron\u00f3mia- ITT INGYEN LET\u00d6LTHET\u0150 Previous slide Next slide A Dunakanyar ny\u00fajtotta l\u00e1tnival\u00f3k olyan v\u00e1ltozatosak, hogy eg\u00e9sz biztosan tal\u00e1lsz kedvedre val\u00f3 programot ak\u00e1r egyed\u00fcl, kettesben, csal\u00e1ddal vagy bar\u00e1ti t\u00e1rsas\u00e1ggal indulsz neki! L\u00e9legzetel\u00e1ll\u00edt\u00f3an sz\u00e9p t\u00e1jakban, a kil\u00e1t\u00f3kb\u00f3l a csod\u00e1s panor\u00e1m\u00e1ban gy\u00f6ny\u00f6rk\u00f6dhetsz. A t\u00f6lgyerd\u0151kben \u00e9s vir\u00e1gos r\u00e9teken t\u00far\u00e1zhatsz, gomb\u00e1t szedhetsz, vad\u00e1szhatsz. A csal\u00e1ddal kisvasutazhatsz vagy &#8230; <a title=\"Danube bend\" class=\"read-more\" href=\"https:\/\/kosziklavendeghaz.hu\/en\/arak-informaciok\/\" aria-label=\"Read more about Dunakanyar\">Read more<\/a><\/p>","protected":false},"author":1,"featured_media":0,"parent":0,"menu_order":0,"comment_status":"closed","ping_status":"closed","template":"elementor_header_footer","meta":{"footnotes":""},"class_list":["post-18","page","type-page","status-publish"],"_links":{"self":[{"href":"https:\/\/kosziklavendeghaz.hu\/en\/wp-json\/wp\/v2\/pages\/18","targetHints":{"allow":["GET"]}}],"collection":[{"href":"https:\/\/kosziklavendeghaz.hu\/en\/wp-json\/wp\/v2\/pages"}],"about":[{"href":"https:\/\/kosziklavendeghaz.hu\/en\/wp-json\/wp\/v2\/types\/page"}],"author":[{"embeddable":true,"href":"https:\/\/kosziklavendeghaz.hu\/en\/wp-json\/wp\/v2\/users\/1"}],"replies":[{"embeddable":true,"href":"https:\/\/kosziklavendeghaz.hu\/en\/wp-json\/wp\/v2\/comments?post=18"}],"version-history":[{"count":40,"href":"https:\/\/kosziklavendeghaz.hu\/en\/wp-json\/wp\/v2\/pages\/18\/revisions"}],"predecessor-version":[{"id":4581,"href":"https:\/\/kosziklavendeghaz.hu\/en\/wp-json\/wp\/v2\/pages\/18\/revisions\/4581"}],"wp:attachment":[{"href":"https:\/\/kosziklavendeghaz.hu\/en\/wp-json\/wp\/v2\/media?parent=18"}],"curies":[{"name":"wp","href":"https:\/\/api.w.org\/{rel}","templated":true}]}}