{"id":2691,"date":"2024-05-06T15:35:49","date_gmt":"2024-05-06T15:35:49","guid":{"rendered":"https:\/\/kosziklavendeghaz.hu\/?page_id=2691"},"modified":"2024-06-10T08:53:50","modified_gmt":"2024-06-10T08:53:50","slug":"vizi-elmenyek","status":"publish","type":"page","link":"https:\/\/kosziklavendeghaz.hu\/en\/vizi-elmenyek\/","title":{"rendered":"Water activities"},"content":{"rendered":"<div data-elementor-type=\"wp-page\" data-elementor-id=\"2691\" class=\"elementor elementor-2691\" data-elementor-post-type=\"page\">\n\t\t\t\t\t\t<section class=\"elementor-section elementor-top-section elementor-element elementor-element-2d0fb80 elementor-section-full_width elementor-section-height-default elementor-section-height-default\" data-id=\"2d0fb80\" data-element_type=\"section\" data-e-type=\"section\">\n\t\t\t\t\t\t<div class=\"elementor-container elementor-column-gap-no\">\n\t\t\t\t\t<div class=\"elementor-column elementor-col-100 elementor-top-column elementor-element elementor-element-cb27adc\" data-id=\"cb27adc\" data-element_type=\"column\" data-e-type=\"column\">\n\t\t\t<div class=\"elementor-widget-wrap elementor-element-populated\">\n\t\t\t\t\t\t<div class=\"elementor-element elementor-element-65e26d0 elementor--v-position-bottom elementor--h-position-center elementor-arrows-position-inside elementor-pagination-position-inside elementor-widget elementor-widget-slides\" data-id=\"65e26d0\" data-element_type=\"widget\" data-e-type=\"widget\" data-settings=\"{&quot;navigation&quot;:&quot;both&quot;,&quot;autoplay&quot;:&quot;yes&quot;,&quot;pause_on_hover&quot;:&quot;yes&quot;,&quot;pause_on_interaction&quot;:&quot;yes&quot;,&quot;autoplay_speed&quot;:5000,&quot;infinite&quot;:&quot;yes&quot;,&quot;transition&quot;:&quot;slide&quot;,&quot;transition_speed&quot;:500}\" data-widget_type=\"slides.default\">\n\t\t\t\t<div class=\"elementor-widget-container\">\n\t\t\t\t\t\t\t\t\t<div class=\"elementor-swiper\">\n\t\t\t\t\t<div class=\"elementor-slides-wrapper elementor-main-swiper swiper\" role=\"region\" aria-roledescription=\"carousel\" aria-label=\"Di\u00e1k\" dir=\"ltr\" data-animation=\"fadeInUp\">\n\t\t\t\t<div class=\"swiper-wrapper elementor-slides\">\n\t\t\t\t\t\t\t\t\t\t<div class=\"elementor-repeater-item-8d558fd swiper-slide\" role=\"group\" aria-roledescription=\"slide\"><div class=\"swiper-slide-bg elementor-ken-burns elementor-ken-burns--out\" role=\"img\" aria-label=\"A haj\u00f3k\u00e1z\u00e1s \u00f3ri\u00e1si \u00e9lm\u00e9ny ak\u00e1r kettesben, csal\u00e1ddal vagy bar\u00e1tokkal indultok neki! Dunai motorcs\u00f3nak\u00e1z\u00e1s, kajak, kenu, SUP b\u00e9rl\u00e9s. Dunakavics Kajak Kenu Kismaros k\u00f6lcs\u00f6nz\u0151n\u00e9l rengeteg b\u00e9rl\u00e9si lehet\u0151s\u00e9g k\u00f6z\u00fcl tudtok v\u00e1lasztani. The boating is a great eThe cruise is an amazing experience, whether you go alone, with family, or with friends! Enjoy Danube motorboating, kayaking, canoeing, and SUP rental at Dunakavics Kayak Canoe Kismaros with many rental options to choose from.xperience whether you go alone, with family or friends! Danube motorboating, kayak, canoe, SUP rental. At Dunakavics Kayak Canoe Kismaros, you can choose from many rental options.\"><\/div><div class=\"elementor-background-overlay\"><\/div><a class=\"swiper-slide-inner\" href=\"https:\/\/kosziklavendeghaz.hu\/en\/foglalas\/\"><div class=\"swiper-slide-contents\"><div class=\"elementor-slide-heading\">Water activities<\/div><\/div><\/a><\/div>\t\t\t\t<\/div>\n\t\t\t\t\t\t\t<\/div>\n\t\t\t\t<\/div>\n\t\t\t\t\t\t\t\t<\/div>\n\t\t\t\t<\/div>\n\t\t\t\t\t<\/div>\n\t\t<\/div>\n\t\t\t\t\t<\/div>\n\t\t<\/section>\n\t\t\t\t<section class=\"elementor-section elementor-top-section elementor-element elementor-element-265cd42 elementor-section-full_width elementor-section-height-default elementor-section-height-default\" data-id=\"265cd42\" data-element_type=\"section\" data-e-type=\"section\">\n\t\t\t\t\t\t\t<div class=\"elementor-background-overlay\"><\/div>\n\t\t\t\t\t\t\t<div class=\"elementor-container elementor-column-gap-no\">\n\t\t\t\t\t<div class=\"elementor-column elementor-col-50 elementor-top-column elementor-element elementor-element-a51ac7a\" data-id=\"a51ac7a\" data-element_type=\"column\" data-e-type=\"column\">\n\t\t\t<div class=\"elementor-widget-wrap elementor-element-populated\">\n\t\t\t\t\t\t<div class=\"elementor-element elementor-element-3e33037 elementor--h-position-center elementor--v-position-middle elementor-arrows-position-inside elementor-pagination-position-inside elementor-widget elementor-widget-slides\" data-id=\"3e33037\" data-element_type=\"widget\" data-e-type=\"widget\" data-settings=\"{&quot;navigation&quot;:&quot;both&quot;,&quot;autoplay&quot;:&quot;yes&quot;,&quot;pause_on_hover&quot;:&quot;yes&quot;,&quot;pause_on_interaction&quot;:&quot;yes&quot;,&quot;autoplay_speed&quot;:5000,&quot;infinite&quot;:&quot;yes&quot;,&quot;transition&quot;:&quot;slide&quot;,&quot;transition_speed&quot;:500}\" data-widget_type=\"slides.default\">\n\t\t\t\t<div class=\"elementor-widget-container\">\n\t\t\t\t\t\t\t\t\t<div class=\"elementor-swiper\">\n\t\t\t\t\t<div class=\"elementor-slides-wrapper elementor-main-swiper swiper\" role=\"region\" aria-roledescription=\"carousel\" aria-label=\"Di\u00e1k\" dir=\"ltr\" data-animation=\"fadeInUp\">\n\t\t\t\t<div class=\"swiper-wrapper elementor-slides\">\n\t\t\t\t\t\t\t\t\t\t<div class=\"elementor-repeater-item-fb877c8 swiper-slide\" role=\"group\" aria-roledescription=\"slide\"><div class=\"swiper-slide-bg\" role=\"img\" aria-label=\"V\u00edzen, cs\u00f3nakb\u00f3l k\u00f6nnyen \u00e1tevezhettek a Kisoroszi szigetre, vagy felfedezhetitek a csak a v\u00edzb\u0151l el\u00e9rhet\u0151 Kismarosi Dunapartot \u00e9s a Ver\u0151cei Dunapartot. Kik\u00f6thettek egy eb\u00e9dre, az \u00c1jj Burger hamburgerez\u0151 \u00e9s az \u00daton\u00e1ll\u00f3 hamburgerez\u0151 is a Dunapart mellett tal\u00e1lhat\u00f3.\"><\/div><div class=\"swiper-slide-inner\" ><div class=\"swiper-slide-contents\"><\/div><\/div><\/div><div class=\"elementor-repeater-item-8651e33 swiper-slide\" role=\"group\" aria-roledescription=\"slide\"><div class=\"swiper-slide-bg\" role=\"img\" aria-label=\"Haj\u00f3k\u00e1z\u00e1s a Dunakanyarban, Kisoroszi szigetcs\u00facs \u00e9rint\u00e9s\u00e9vel, visegr\u00e1di fellegv\u00e1r \u00e9s Salamon torony megtekint\u00e9se a naplement\u00e9ben. V\u00edzi sportok (vizis\u00ed, f\u00e1nk) , kis \u00e9s nagy sziget k\u00f6r is v\u00e1laszthat\u00f3. Cruising in the Danube bend, visiting the island peak of Kisoroszi, Visegr\u00e1d Citadel, and Solomon Tower at sunset. Water sports (water skiing, donuts) and small and big island rounds are also optional seasonal.\"><\/div><div class=\"swiper-slide-inner\" ><div class=\"swiper-slide-contents\"><\/div><\/div><\/div><div class=\"elementor-repeater-item-9a9fed9 swiper-slide\" role=\"group\" aria-roledescription=\"slide\"><div class=\"swiper-slide-bg\" role=\"img\" aria-label=\"Romantikus haj\u00f3k\u00e1z\u00e1s a naplement\u00e9ben. Csod\u00e1s kil\u00e1t\u00e1s ny\u00edlik a helyi nevezetess\u00e9gekre a v\u00edzb\u0151l: Visegr\u00e1di fellegv\u00e1r, Salamon torony, R\u00e1m szakad\u00e9k, Kisoroszi szigetcs\u00facs. \u00c9rdemes kipr\u00f3b\u00e1lni! Horg\u00e1sz\u00e1si lehet\u0151s\u00e9gek! Romantic sunset cruise with a breathtaking view of local landmarks from the water including Visegr\u00e1d citadel, Solomon&#039;s tower, R\u00e1m ravine, and Kisoroszi island peak. Don&#039;t miss out on the fishing opportunities!\"><\/div><div class=\"swiper-slide-inner\" ><div class=\"swiper-slide-contents\"><\/div><\/div><\/div><div class=\"elementor-repeater-item-44a1ace swiper-slide\" role=\"group\" aria-roledescription=\"slide\"><div class=\"swiper-slide-bg\" role=\"img\" aria-label=\"P\u00e1roknak, csal\u00e1doknak t\u00f6k\u00e9letes program a kajakoz\u00e1s a Duna Holt\u00e1g\u00e1ban \u00e9s a k\u00f6zeli partok ment\u00e9n. K\u00f6nnyen kik\u00f6thettek a Nom\u00e1d nev\u0171 bisztr\u00f3n\u00e1l, a Dunapart mellett. Igazi kikapcsol\u00f3d\u00e1s! Exploring the Backwaters of the Danube and the adjacent shores through kayaking is an ideal activity for couples and families. A convenient stop can be made at the bistro named Nom\u00e1d, situated by the Danube riverbank. It&#039;s a truly relaxing experience!\"><\/div><div class=\"swiper-slide-inner\" ><div class=\"swiper-slide-contents\"><\/div><\/div><\/div><div class=\"elementor-repeater-item-706a6fa swiper-slide\" role=\"group\" aria-roledescription=\"slide\"><div class=\"swiper-slide-bg\" role=\"img\" aria-label=\"Igazi csal\u00e1di program a ny\u00e1rra, a kajakoz\u00e1s, kenuz\u00e1s \u00e9s SUP-oz\u00e1s a Dunapart mellett hatalmas \u00e9lm\u00e9ny az eg\u00e9sz csal\u00e1dnak! Gyerekek r\u00e9sz\u00e9re is b\u00e9relhet\u0151 k\u00fcl\u00f6n v\u00edzi felszerel\u00e9s. Nevezetess\u00e9gek k\u00f6z\u00fcl v\u00edzr\u0151l is megcsod\u00e1lhat\u00f3 a Salamon Torony, Limes M\u00fazeum, a Visegr\u00e1di Fellegv\u00e1r \u00e9s term\u00e9szetesen a Kisoroszi Szigetcs\u00facsra is kievezhet\u00fcnk! Looking for a great summer family program? Try kayaking, canoeing, and stand-up paddleboarding along the Danube! It&#039;s a fantastic experience for the entire family. You can also rent separate water equipment for children. While enjoying the water activities, you can marvel at sights such as the Tower of Solomon, the Limes Museum, the Visegr\u00e1d Citadel, and the Kisoroszi Island Peak.\"><\/div><div class=\"swiper-slide-inner\" ><div class=\"swiper-slide-contents\"><\/div><\/div><\/div><div class=\"elementor-repeater-item-bcf7b02 swiper-slide\" role=\"group\" aria-roledescription=\"slide\"><div class=\"swiper-slide-bg\" role=\"img\" aria-label=\"Dunai motorcs\u00f3nak\u00e1z\u00e1s, kajak, kenu, SUP b\u00e9rl\u00e9s. Ver\u0151cei Dunapart \u00e9s term\u00e9szetesen a Kismarosi Dunapart is k\u00f6nnyed\u00e9n el\u00e9rhet\u0151. A motorcs\u00f3nak b\u00e9relhet\u0151 egy sz\u00fclinapoz\u00e1sra, csal\u00e1di rendezv\u00e9nyre vagy csak egy meglepet\u00e9s cs\u00f3nak\u00e1z\u00e1sra a Dun\u00e1n. A csod\u00e1s naps\u00fct\u00e9sben, k\u00e1nikul\u00e1ban vagy a naplement\u00e9ben is egy felejthetetlen program. Dunakanyar Boat Cruise. Rent a motorboat, kayak, canoe, or SUP for activities along the banks of the Danube in Ver\u0151ce and Kismaros. The motorboat is available for birthday parties, family events, or surprise boat rides on the Danube. Enjoy an unforgettable experience in the beautiful sunshine, during a heat wave, or at sunset.\"><\/div><div class=\"swiper-slide-inner\" ><div class=\"swiper-slide-contents\"><\/div><\/div><\/div><div class=\"elementor-repeater-item-80ce26e swiper-slide\" role=\"group\" aria-roledescription=\"slide\"><div class=\"swiper-slide-bg\" role=\"img\" aria-label=\"Dunakanyarban haj\u00f3k\u00e1z\u00e1sos \u00fcnnepl\u00e9s, sz\u00fclinapi rendezv\u00e9ny. V\u00edzi sportok (vizis\u00ed, f\u00e1nk) , kis \u00e9s nagy sziget k\u00f6r is v\u00e1laszthat\u00f3. Rent a motorboat, kayak, canoe, or SUP for activities along the banks of the Danube in Ver\u0151ce and Kismaros. The motorboat is available for birthday parties, family events, or surprise boat rides on the Danube. Enjoy an unforgettable experience in the beautiful sunshine, during a heat wave, or at sunset.\"><\/div><div class=\"swiper-slide-inner\" ><div class=\"swiper-slide-contents\"><\/div><\/div><\/div><div class=\"elementor-repeater-item-c28ca2f swiper-slide\" role=\"group\" aria-roledescription=\"slide\"><div class=\"swiper-slide-bg\" role=\"img\" aria-label=\"Dunakanyar Boat Cruise szervez\u00e9s\u00e9ben, a Salamon torony a v\u00edzr\u0151l. Itt, a kisoroszi szigetcs\u00facson tal\u00e1lhat\u00f3 a Duna legszebb szabad strandja. A Kis Duna holt\u00e1g mellett is elhaj\u00f3k\u00e1zunk. Organized by Danube Bend Boat Cruise, you can view the Solomon Tower from the water. Explore the stunning open beach of the Danube located at the tip of Kisoroszi island. Additionally, we will sail past the Kis Duna Holt\u00e1g.\"><\/div><div class=\"swiper-slide-inner\" ><div class=\"swiper-slide-contents\"><\/div><\/div><\/div>\t\t\t\t<\/div>\n\t\t\t\t\t\t\t\t\t\t\t\t\t\t\t<div class=\"elementor-swiper-button elementor-swiper-button-prev\" role=\"button\" tabindex=\"0\" aria-label=\"Previous slide\">\n\t\t\t\t\t\t\t<svg aria-hidden=\"true\" class=\"e-font-icon-svg e-eicon-chevron-left\" viewbox=\"0 0 1000 1000\" xmlns=\"http:\/\/www.w3.org\/2000\/svg\"><path d=\"M646 125C629 125 613 133 604 142L308 442C296 454 292 471 292 487 292 504 296 521 308 533L604 854C617 867 629 875 646 875 663 875 679 871 692 858 704 846 713 829 713 812 713 796 708 779 692 767L438 487 692 225C700 217 708 204 708 187 708 171 704 154 692 142 675 129 663 125 646 125Z\"><\/path><\/svg>\t\t\t\t\t\t<\/div>\n\t\t\t\t\t\t<div class=\"elementor-swiper-button elementor-swiper-button-next\" role=\"button\" tabindex=\"0\" aria-label=\"Next slide\">\n\t\t\t\t\t\t\t<svg aria-hidden=\"true\" class=\"e-font-icon-svg e-eicon-chevron-right\" viewbox=\"0 0 1000 1000\" xmlns=\"http:\/\/www.w3.org\/2000\/svg\"><path d=\"M696 533C708 521 713 504 713 487 713 471 708 454 696 446L400 146C388 133 375 125 354 125 338 125 325 129 313 142 300 154 292 171 292 187 292 204 296 221 308 233L563 492 304 771C292 783 288 800 288 817 288 833 296 850 308 863 321 871 338 875 354 875 371 875 388 867 400 854L696 533Z\"><\/path><\/svg>\t\t\t\t\t\t<\/div>\n\t\t\t\t\t\t\t\t\t\t\t\t\t\t\t\t<div class=\"swiper-pagination\"><\/div>\n\t\t\t\t\t\t\t\t\t\t\t\t<\/div>\n\t\t\t\t<\/div>\n\t\t\t\t\t\t\t\t<\/div>\n\t\t\t\t<\/div>\n\t\t\t\t\t<\/div>\n\t\t<\/div>\n\t\t\t\t<div class=\"elementor-column elementor-col-50 elementor-top-column elementor-element elementor-element-ffb524c\" data-id=\"ffb524c\" data-element_type=\"column\" data-e-type=\"column\" data-settings=\"{&quot;background_background&quot;:&quot;classic&quot;}\">\n\t\t\t<div class=\"elementor-widget-wrap elementor-element-populated\">\n\t\t\t\t\t\t<div class=\"elementor-element elementor-element-295afac elementor-widget elementor-widget-text-editor\" data-id=\"295afac\" data-element_type=\"widget\" data-e-type=\"widget\" data-widget_type=\"text-editor.default\">\n\t\t\t\t<div class=\"elementor-widget-container\">\n\t\t\t\t\t\t\t\t\t<p><strong>Motorboat trips on the Danube<\/strong><\/p><p>It's a great experience whether you're going alone, with family or friends! Cruising in the Danube bend, visiting the island peak of Kisoroszi, Visegr\u00e1d Citadel, and Solomon Tower at sunset. Water sports (water skiing, donuts) and small and big island rounds are also optional\u2014seasonal, weather-dependent programs (1 May-31 August).<\/p><p><em><strong>Further information: <a href=\"https:\/\/www.facebook.com\/homenartfurnishing\" target=\"_blank\" rel=\"noopener\">&gt;&gt; Click here<\/a><\/strong><\/em><\/p><p><strong>Kayaking, Canoeing<\/strong><\/p><p>Kayaks, canoes, and SUPs can be rented at the Kismaros Danube shore (about 10 minutes' walk from the Guesthouse). From there, you can easily cross to the island of Kisoroszi or explore the shores accessible only from the water.<\/p><p>Seasonal opening!\u00a0 <em><strong>Further information: &gt;&gt; +36 30 650 0390<\/strong><\/em><\/p>\t\t\t\t\t\t\t\t<\/div>\n\t\t\t\t<\/div>\n\t\t\t\t\t<\/div>\n\t\t<\/div>\n\t\t\t\t\t<\/div>\n\t\t<\/section>\n\t\t\t\t<\/div>","protected":false},"excerpt":{"rendered":"<p>V\u00edzi \u00e9lm\u00e9nyek Previous slide Next slide Dunai motorcs\u00f3nak\u00e1z\u00e1s \u00d3ri\u00e1si \u00e9lm\u00e9ny ak\u00e1r kettesben, csal\u00e1ddal vagy bar\u00e1tokkal indultok neki! Haj\u00f3k\u00e1z\u00e1s a Dunakanyarban, Kisoroszi szigetcs\u00facs \u00e9rint\u00e9s\u00e9vel,\u00a0 visegr\u00e1di fellegv\u00e1r \u00e9s Salamon torony megtekint\u00e9se a naplement\u00e9ben. V\u00edzi sportok (vizis\u00ed, f\u00e1nk) , kis \u00e9s nagy sziget k\u00f6r is v\u00e1laszthat\u00f3. Szezon\u00e1lis, Id\u0151j\u00e1r\u00e1s f\u00fcgg\u0151 program.(m\u00e1j.1-aug.31) B\u0151vebb inf\u00f3: &gt;&gt;ide kattintva Kajakoz\u00e1s, Kenuz\u00e1s A kismarosi &#8230; <a title=\"Water activities\" class=\"read-more\" href=\"https:\/\/kosziklavendeghaz.hu\/en\/vizi-elmenyek\/\" aria-label=\"Read more about V\u00edzi \u00e9lm\u00e9nyek\">Read more<\/a><\/p>","protected":false},"author":1,"featured_media":0,"parent":0,"menu_order":0,"comment_status":"closed","ping_status":"closed","template":"elementor_header_footer","meta":{"footnotes":""},"class_list":["post-2691","page","type-page","status-publish"],"_links":{"self":[{"href":"https:\/\/kosziklavendeghaz.hu\/en\/wp-json\/wp\/v2\/pages\/2691","targetHints":{"allow":["GET"]}}],"collection":[{"href":"https:\/\/kosziklavendeghaz.hu\/en\/wp-json\/wp\/v2\/pages"}],"about":[{"href":"https:\/\/kosziklavendeghaz.hu\/en\/wp-json\/wp\/v2\/types\/page"}],"author":[{"embeddable":true,"href":"https:\/\/kosziklavendeghaz.hu\/en\/wp-json\/wp\/v2\/users\/1"}],"replies":[{"embeddable":true,"href":"https:\/\/kosziklavendeghaz.hu\/en\/wp-json\/wp\/v2\/comments?post=2691"}],"version-history":[{"count":0,"href":"https:\/\/kosziklavendeghaz.hu\/en\/wp-json\/wp\/v2\/pages\/2691\/revisions"}],"wp:attachment":[{"href":"https:\/\/kosziklavendeghaz.hu\/en\/wp-json\/wp\/v2\/media?parent=2691"}],"curies":[{"name":"wp","href":"https:\/\/api.w.org\/{rel}","templated":true}]}}