{"id":3115,"date":"2024-05-13T14:53:31","date_gmt":"2024-05-13T14:53:31","guid":{"rendered":"https:\/\/kosziklavendeghaz.hu\/?page_id=3115"},"modified":"2026-03-27T19:35:22","modified_gmt":"2026-03-27T19:35:22","slug":"reggelimenu","status":"publish","type":"page","link":"https:\/\/kosziklavendeghaz.hu\/en\/reggelimenu\/","title":{"rendered":"Reggeli men\u00fc \u00faj"},"content":{"rendered":"<div data-elementor-type=\"wp-page\" data-elementor-id=\"3115\" class=\"elementor elementor-3115\" data-elementor-post-type=\"page\">\n\t\t\t\t\t\t<section class=\"elementor-section elementor-top-section elementor-element elementor-element-2e5f6b26 elementor-section-full_width elementor-section-height-default elementor-section-height-default\" data-id=\"2e5f6b26\" data-element_type=\"section\" data-e-type=\"section\">\n\t\t\t\t\t\t<div class=\"elementor-container elementor-column-gap-no\">\n\t\t\t\t\t<div class=\"elementor-column elementor-col-100 elementor-top-column elementor-element elementor-element-6010bb9e\" data-id=\"6010bb9e\" data-element_type=\"column\" data-e-type=\"column\">\n\t\t\t<div class=\"elementor-widget-wrap elementor-element-populated\">\n\t\t\t\t\t\t<div class=\"elementor-element elementor-element-33d8ba99 elementor--v-position-bottom elementor--h-position-center elementor-arrows-position-inside elementor-pagination-position-inside elementor-widget elementor-widget-slides\" data-id=\"33d8ba99\" data-element_type=\"widget\" data-e-type=\"widget\" data-settings=\"{&quot;navigation&quot;:&quot;both&quot;,&quot;autoplay&quot;:&quot;yes&quot;,&quot;pause_on_hover&quot;:&quot;yes&quot;,&quot;pause_on_interaction&quot;:&quot;yes&quot;,&quot;autoplay_speed&quot;:5000,&quot;infinite&quot;:&quot;yes&quot;,&quot;transition&quot;:&quot;slide&quot;,&quot;transition_speed&quot;:500}\" data-widget_type=\"slides.default\">\n\t\t\t\t<div class=\"elementor-widget-container\">\n\t\t\t\t\t\t\t\t\t<div class=\"elementor-swiper\">\n\t\t\t\t\t<div class=\"elementor-slides-wrapper elementor-main-swiper swiper\" role=\"region\" aria-roledescription=\"carousel\" aria-label=\"Di\u00e1k\" dir=\"ltr\" data-animation=\"fadeInUp\">\n\t\t\t\t<div class=\"swiper-wrapper elementor-slides\">\n\t\t\t\t\t\t\t\t\t\t<div class=\"elementor-repeater-item-aeca893 swiper-slide\" role=\"group\" aria-roledescription=\"slide\"><div class=\"swiper-slide-bg elementor-ken-burns elementor-ken-burns--out\" role=\"img\" aria-label=\"Vid\u00e9ki \u00cdzek reggelij\u00e9b\u0151l sz\u00e1ll\u00edtott Reggeli a K\u0151szikla Vend\u00e9gh\u00e1zba \u00e9rkezik. Adal\u00e9kanyag-mentes, tart\u00f3s\u00edt\u00f3szer mentes, friss termel\u0151i \u00edzekkel. \u00c9bredj a vid\u00e9ki \u00edzek var\u00e1zslat\u00e1ra vid\u00e9ki vend\u00e9gh\u00e1zunkban! \u00c9rkez\u00e9s el\u0151tt 48 \u00f3r\u00e1val kell leadni a rendel\u00e9st. Breakfast from Vid\u00e9ki \u00cdzek reggelije is delivered to K\u0151szikla Guest House. It&#039;s additive-free, preservative-free, and bursting with fresh flavors from local producers. Immerse yourself in the magic of countryside flavors at our charming guest house! Please note that orders must be placed 48 hours before your arrival.\"><\/div><div class=\"elementor-background-overlay\"><\/div><a class=\"swiper-slide-inner\" href=\"https:\/\/kosziklavendeghaz.hu\/en\/foglalas\/\"><div class=\"swiper-slide-contents\"><div class=\"elementor-slide-heading\">Breakfast menu<\/div><\/div><\/a><\/div>\t\t\t\t<\/div>\n\t\t\t\t\t\t\t<\/div>\n\t\t\t\t<\/div>\n\t\t\t\t\t\t\t\t<\/div>\n\t\t\t\t<\/div>\n\t\t\t\t\t<\/div>\n\t\t<\/div>\n\t\t\t\t\t<\/div>\n\t\t<\/section>\n\t\t\t\t<section class=\"elementor-section elementor-top-section elementor-element elementor-element-58572702 elementor-section-full_width elementor-section-height-default elementor-section-height-default\" data-id=\"58572702\" data-element_type=\"section\" data-e-type=\"section\">\n\t\t\t\t\t\t\t<div class=\"elementor-background-overlay\"><\/div>\n\t\t\t\t\t\t\t<div class=\"elementor-container elementor-column-gap-no\">\n\t\t\t\t\t<div class=\"elementor-column elementor-col-50 elementor-top-column elementor-element elementor-element-71646a9b\" data-id=\"71646a9b\" data-element_type=\"column\" data-e-type=\"column\">\n\t\t\t<div class=\"elementor-widget-wrap elementor-element-populated\">\n\t\t\t\t\t\t<div class=\"elementor-element elementor-element-758dc873 elementor--h-position-center elementor--v-position-middle elementor-arrows-position-inside elementor-pagination-position-inside elementor-widget elementor-widget-slides\" data-id=\"758dc873\" data-element_type=\"widget\" data-e-type=\"widget\" data-settings=\"{&quot;navigation&quot;:&quot;both&quot;,&quot;autoplay&quot;:&quot;yes&quot;,&quot;pause_on_hover&quot;:&quot;yes&quot;,&quot;pause_on_interaction&quot;:&quot;yes&quot;,&quot;autoplay_speed&quot;:5000,&quot;infinite&quot;:&quot;yes&quot;,&quot;transition&quot;:&quot;slide&quot;,&quot;transition_speed&quot;:500}\" data-widget_type=\"slides.default\">\n\t\t\t\t<div class=\"elementor-widget-container\">\n\t\t\t\t\t\t\t\t\t<div class=\"elementor-swiper\">\n\t\t\t\t\t<div class=\"elementor-slides-wrapper elementor-main-swiper swiper\" role=\"region\" aria-roledescription=\"carousel\" aria-label=\"Di\u00e1k\" dir=\"ltr\" data-animation=\"fadeInUp\">\n\t\t\t\t<div class=\"swiper-wrapper elementor-slides\">\n\t\t\t\t\t\t\t\t\t\t<div class=\"elementor-repeater-item-44a1ace swiper-slide\" role=\"group\" aria-roledescription=\"slide\"><div class=\"swiper-slide-bg\" role=\"img\" aria-label=\"B\u0151s\u00e9ges termel\u0151i reggeli\"><\/div><div class=\"swiper-slide-inner\" ><div class=\"swiper-slide-contents\"><\/div><\/div><\/div><div class=\"elementor-repeater-item-fb877c8 swiper-slide\" role=\"group\" aria-roledescription=\"slide\"><div class=\"swiper-slide-bg\" role=\"img\" aria-label=\"MI MINDENT TUDSZ N\u00c1LUNK A SZ\u00c1LL\u00c1SOD MELL\u00c9 FOGLALNI? Wellness (D\u00e9zsaf\u00fcrd\u0151+ Infraszauna) Reggeli Toszk\u00e1n men\u00fc (reggeli+ Vacsora) Massz\u00e1zs (Sv\u00e9d+ Gy\u00f3gy + L\u00e1vak\u00f6ves) Motocs\u00f3nak\u00e1z\u00e1s Kajakoz\u00e1s\/ Kenu\/ SUP Erdei lovagl\u00e1s Vad\u00e1szat WHAT ADDITIONAL SERVICES CAN YOU BOOK ALONGSIDE YOUR ACCOMMODATION? Spa(jacuzzi + infrared sauna) Breakfast Tuscan menu (breakfast + dinner) Massage (Swedish+ Spa + Lava Stone) Motorboating Kayaking\/ Canoeing\/ SUP Forest riding Horse riding Biking Hunting\"><\/div><div class=\"swiper-slide-inner\" ><div class=\"swiper-slide-contents\"><\/div><\/div><\/div><div class=\"elementor-repeater-item-bcf7b02 swiper-slide\" role=\"group\" aria-roledescription=\"slide\"><div class=\"swiper-slide-bg\" role=\"img\" aria-label=\"Resort k\u00e9p\"><\/div><div class=\"swiper-slide-inner\" ><div class=\"swiper-slide-contents\"><\/div><\/div><\/div><div class=\"elementor-repeater-item-8651e33 swiper-slide\" role=\"group\" aria-roledescription=\"slide\"><div class=\"swiper-slide-bg\" role=\"img\" aria-label=\"A friss helyi ,termel\u0151i reggelit a nagymarosi TERMEL\u0150I PIACr\u00f3l is be lehet szerezni. K\u00f6rny\u00e9kb\u0151l helyi termel\u0151k minden szombat reggel hozz\u00e1k a friss z\u00f6lds\u00e9geket, sajtokat, h\u00e1zi lekv\u00e1rokat, savany\u00fas\u00e1gokat, port\u00e9k\u00e1ikat eladni. You can also enjoy a fresh breakfast made with local produce at the PRODUCER MARKET in Nagymaros. Local producers gather every Saturday morning in the area to sell their fresh vegetables, cheeses, homemade jams, pickles, and port. https:\/\/www.facebook.com\/NagymarosiTermeloiPiac\"><\/div><div class=\"swiper-slide-inner\" ><div class=\"swiper-slide-contents\"><\/div><\/div><\/div>\t\t\t\t<\/div>\n\t\t\t\t\t\t\t\t\t\t\t\t\t\t\t<div class=\"elementor-swiper-button elementor-swiper-button-prev\" role=\"button\" tabindex=\"0\" aria-label=\"Previous slide\">\n\t\t\t\t\t\t\t<svg aria-hidden=\"true\" class=\"e-font-icon-svg e-eicon-chevron-left\" viewbox=\"0 0 1000 1000\" xmlns=\"http:\/\/www.w3.org\/2000\/svg\"><path d=\"M646 125C629 125 613 133 604 142L308 442C296 454 292 471 292 487 292 504 296 521 308 533L604 854C617 867 629 875 646 875 663 875 679 871 692 858 704 846 713 829 713 812 713 796 708 779 692 767L438 487 692 225C700 217 708 204 708 187 708 171 704 154 692 142 675 129 663 125 646 125Z\"><\/path><\/svg>\t\t\t\t\t\t<\/div>\n\t\t\t\t\t\t<div class=\"elementor-swiper-button elementor-swiper-button-next\" role=\"button\" tabindex=\"0\" aria-label=\"Next slide\">\n\t\t\t\t\t\t\t<svg aria-hidden=\"true\" class=\"e-font-icon-svg e-eicon-chevron-right\" viewbox=\"0 0 1000 1000\" xmlns=\"http:\/\/www.w3.org\/2000\/svg\"><path d=\"M696 533C708 521 713 504 713 487 713 471 708 454 696 446L400 146C388 133 375 125 354 125 338 125 325 129 313 142 300 154 292 171 292 187 292 204 296 221 308 233L563 492 304 771C292 783 288 800 288 817 288 833 296 850 308 863 321 871 338 875 354 875 371 875 388 867 400 854L696 533Z\"><\/path><\/svg>\t\t\t\t\t\t<\/div>\n\t\t\t\t\t\t\t\t\t\t\t\t\t\t\t\t<div class=\"swiper-pagination\"><\/div>\n\t\t\t\t\t\t\t\t\t\t\t\t<\/div>\n\t\t\t\t<\/div>\n\t\t\t\t\t\t\t\t<\/div>\n\t\t\t\t<\/div>\n\t\t\t\t\t<\/div>\n\t\t<\/div>\n\t\t\t\t<div class=\"elementor-column elementor-col-50 elementor-top-column elementor-element elementor-element-124f1d8e\" data-id=\"124f1d8e\" data-element_type=\"column\" data-e-type=\"column\" data-settings=\"{&quot;background_background&quot;:&quot;classic&quot;}\">\n\t\t\t<div class=\"elementor-widget-wrap elementor-element-populated\">\n\t\t\t\t\t\t<div class=\"elementor-element elementor-element-5311e0da elementor-widget elementor-widget-text-editor\" data-id=\"5311e0da\" data-element_type=\"widget\" data-e-type=\"widget\" data-widget_type=\"text-editor.default\">\n\t\t\t\t<div class=\"elementor-widget-container\">\n\t\t\t\t\t\t\t\t\t<p>A Vend\u00e9gh\u00e1zunkba k\u00f6rny\u00e9kbeli termel\u0151kt\u0151l beszerzett, finom reggelit tudsz rendelni partner\u00fcnkt\u0151l.<br \/>Reggeli kos\u00e1r tartalma 2 f\u0151re:<\/p><div id=\"product-desc\" class=\"ck-content mb-3\"><ul><li><strong>Frissen s\u00fct\u00f6tt kov\u00e1szos p\u00e9k\u00e1ruk<\/strong><br \/>(Rusztikus zsemle, Rusztikus Bagett, Kornspitz, Kov\u00e1szos kenyerek)<\/li><li><strong>Kistermel\u0151i kolb\u00e1szv\u00e1logat\u00e1s 2 \u00edzben<\/strong><br \/>(Varg\u00e1ny\u00e1s, szarvasgomb\u00e1s, toscan, borsos mangalica, fokhagym\u00e1s mangalica, v\u00f6r\u00f6s\u00e1fony\u00e1s)<\/li><li><strong>Kistermel\u0151i szal\u00e1mi \/ f\u00fcst\u00f6lt sonka \/ sz\u0171zpecsenye v\u00e1logat\u00e1s<\/strong><\/li><li><strong>Kistermel\u0151i h\u00e1zi vaj<\/strong><\/li><li><strong>Termel\u0151i kr\u00e9mv\u00e1logat\u00e1s 2 \u00edzben<\/strong><br \/>(Padlizs\u00e1nkr\u00e9m, zakuszka, s\u00fclt k\u00e1pi\u00e1s-fet\u00e1s kr\u00e9m, v\u00f6r\u00f6sboros r\u00f3kagomba kr\u00e9m, varg\u00e1nyagomb\u00e1s kr\u00e9m, torm\u00e1s cs\u00fcl\u00f6kkr\u00e9m, toj\u00e1skr\u00e9m, tepert\u0151kr\u00e9m, sajtkr\u00e9m, \u00fajhagym\u00e1s csicseribors\u00f3kr\u00e9m)<\/li><li><strong>Kistermel\u0151i \u00edzes\u00edtett f\u00fcst\u00f6lt parenyica \u00e9s \u00e9rlelt sajtv\u00e1logat\u00e1s minimum 2 \u00edzben<\/strong><br \/>(F\u00fcst\u00f6lt, chilis tekercs, medvehagym\u00e1s tekercs, magyaros tekercs, paradicsomos-bazsalikomos tekercs, fokhagym\u00e1s parenyica, \u00edzes\u00edtett gomoly\u00e1k (oliv\u00e1s, \u00fajhagym\u00e1s, f\u00fcst\u00f6lt, aszalt paradicsomos,kapros), kakukkf\u00fcves trappista, aszalt paradicsomos, sima trappista)<\/li><li><strong>Nagymama f\u00e9le h\u00e1zi gy\u00fcm\u00f6lcslekv\u00e1r v\u00e1ltoz\u00f3 \u00edzekben szezonnak megfelel\u0151en<\/strong>(m\u00e9zes-fah\u00e9jas szilva, eper, szeder, s\u00e1rgabarack, piros ribizli, cseresznye, \u00e1fonya, alma)<\/li><li><strong>Friss kistermel\u0151i id\u00e9nyz\u00f6lds\u00e9gek \u00e9s id\u00e9nygy\u00fcm\u00f6lcs\u00f6k<\/strong><\/li><li><strong>0,5 l S\u00e1pi Farm kistermel\u0151i, k\u00e9zm\u0171ves iv\u00f3l\u00e9 6 f\u00e9le gy\u00f3gyn\u00f6v\u00e9nyb\u0151l az al\u00e1bbi \u00edzekb\u0151l (szezon\u00e1lisan v\u00e1ltozik):<\/strong><br \/>Szedres, meggyes, bodz\u00e1s, epres-bodz\u00e1s, alma, csipkebogy\u00f3- alma, f\u00fcg\u00e9s-alma, gy\u00f6mb\u00e9res-alma, csal\u00e1n citromf\u0171vel, j\u00e1zmin, k\u00f6rte, \u00e1nizsos szilva<\/li><\/ul><\/div>\t\t\t\t\t\t\t\t<\/div>\n\t\t\t\t<\/div>\n\t\t\t\t\t<\/div>\n\t\t<\/div>\n\t\t\t\t\t<\/div>\n\t\t<\/section>\n\t\t\t\t<\/div>","protected":false},"excerpt":{"rendered":"<p>Reggeli Men\u00fc A Vend\u00e9gh\u00e1zunkba k\u00f6rny\u00e9kbeli termel\u0151kt\u0151l beszerzett, finom reggelit tudsz rendelni partner\u00fcnkt\u0151l.Reggeli kos\u00e1r tartalma 2 f\u0151re: Frissen s\u00fct\u00f6tt kov\u00e1szos p\u00e9k\u00e1ruk(Rusztikus zsemle, Rusztikus Bagett, Kornspitz, Kov\u00e1szos kenyerek) Kistermel\u0151i kolb\u00e1szv\u00e1logat\u00e1s 2 \u00edzben(Varg\u00e1ny\u00e1s, szarvasgomb\u00e1s, toscan, borsos mangalica, fokhagym\u00e1s mangalica, v\u00f6r\u00f6s\u00e1fony\u00e1s) Kistermel\u0151i szal\u00e1mi \/ f\u00fcst\u00f6lt sonka \/ sz\u0171zpecsenye v\u00e1logat\u00e1s Kistermel\u0151i h\u00e1zi vaj Termel\u0151i kr\u00e9mv\u00e1logat\u00e1s 2 \u00edzben(Padlizs\u00e1nkr\u00e9m, zakuszka, s\u00fclt k\u00e1pi\u00e1s-fet\u00e1s &#8230; <a title=\"Reggeli men\u00fc \u00faj\" class=\"read-more\" href=\"https:\/\/kosziklavendeghaz.hu\/en\/reggelimenu\/\" aria-label=\"Read more about Reggeli men\u00fc \u00faj\">Read more<\/a><\/p>","protected":false},"author":1,"featured_media":0,"parent":0,"menu_order":0,"comment_status":"closed","ping_status":"closed","template":"elementor_header_footer","meta":{"footnotes":""},"class_list":["post-3115","page","type-page","status-publish"],"_links":{"self":[{"href":"https:\/\/kosziklavendeghaz.hu\/en\/wp-json\/wp\/v2\/pages\/3115","targetHints":{"allow":["GET"]}}],"collection":[{"href":"https:\/\/kosziklavendeghaz.hu\/en\/wp-json\/wp\/v2\/pages"}],"about":[{"href":"https:\/\/kosziklavendeghaz.hu\/en\/wp-json\/wp\/v2\/types\/page"}],"author":[{"embeddable":true,"href":"https:\/\/kosziklavendeghaz.hu\/en\/wp-json\/wp\/v2\/users\/1"}],"replies":[{"embeddable":true,"href":"https:\/\/kosziklavendeghaz.hu\/en\/wp-json\/wp\/v2\/comments?post=3115"}],"version-history":[{"count":24,"href":"https:\/\/kosziklavendeghaz.hu\/en\/wp-json\/wp\/v2\/pages\/3115\/revisions"}],"predecessor-version":[{"id":5703,"href":"https:\/\/kosziklavendeghaz.hu\/en\/wp-json\/wp\/v2\/pages\/3115\/revisions\/5703"}],"wp:attachment":[{"href":"https:\/\/kosziklavendeghaz.hu\/en\/wp-json\/wp\/v2\/media?parent=3115"}],"curies":[{"name":"wp","href":"https:\/\/api.w.org\/{rel}","templated":true}]}}