{"id":4102,"date":"2024-06-10T09:29:51","date_gmt":"2024-06-10T09:29:51","guid":{"rendered":"https:\/\/kosziklavendeghaz.hu\/?page_id=4102"},"modified":"2024-07-24T09:03:11","modified_gmt":"2024-07-24T09:03:11","slug":"booking","status":"publish","type":"page","link":"https:\/\/kosziklavendeghaz.hu\/en\/booking\/","title":{"rendered":"BOOKING"},"content":{"rendered":"<div data-elementor-type=\"wp-page\" data-elementor-id=\"4102\" class=\"elementor elementor-4102\" data-elementor-post-type=\"page\">\n\t\t\t\t\t\t<section class=\"elementor-section elementor-top-section elementor-element elementor-element-8dbf2f5 elementor-section-full_width elementor-section-height-default elementor-section-height-default\" data-id=\"8dbf2f5\" data-element_type=\"section\" data-e-type=\"section\">\n\t\t\t\t\t\t<div class=\"elementor-container elementor-column-gap-no\">\n\t\t\t\t\t<div class=\"elementor-column elementor-col-100 elementor-top-column elementor-element elementor-element-e37ae96\" data-id=\"e37ae96\" data-element_type=\"column\" data-e-type=\"column\">\n\t\t\t<div class=\"elementor-widget-wrap elementor-element-populated\">\n\t\t\t\t\t\t<div class=\"elementor-element elementor-element-b4c322a elementor--v-position-bottom elementor--h-position-center elementor-arrows-position-inside elementor-pagination-position-inside elementor-widget elementor-widget-slides\" data-id=\"b4c322a\" data-element_type=\"widget\" data-e-type=\"widget\" data-settings=\"{&quot;navigation&quot;:&quot;both&quot;,&quot;autoplay&quot;:&quot;yes&quot;,&quot;pause_on_hover&quot;:&quot;yes&quot;,&quot;pause_on_interaction&quot;:&quot;yes&quot;,&quot;autoplay_speed&quot;:5000,&quot;infinite&quot;:&quot;yes&quot;,&quot;transition&quot;:&quot;slide&quot;,&quot;transition_speed&quot;:500}\" data-widget_type=\"slides.default\">\n\t\t\t\t<div class=\"elementor-widget-container\">\n\t\t\t\t\t\t\t\t\t<div class=\"elementor-swiper\">\n\t\t\t\t\t<div class=\"elementor-slides-wrapper elementor-main-swiper swiper\" role=\"region\" aria-roledescription=\"carousel\" aria-label=\"Di\u00e1k\" dir=\"ltr\" data-animation=\"fadeInUp\">\n\t\t\t\t<div class=\"swiper-wrapper elementor-slides\">\n\t\t\t\t\t\t\t\t\t\t<div class=\"elementor-repeater-item-3df8a85 swiper-slide\" role=\"group\" aria-roledescription=\"slide\"><div class=\"swiper-slide-bg\" role=\"img\" aria-label=\"CSENDES PIHEN\u00c9SRE v\u00e1gysz a Dunakanyarban? A n\u00e9pszer\u0171 B\u00f6rzs\u00f6nyligeten, egy t\u00f6lgyerd\u0151 sz\u00e9l\u00e9n, fest\u0151i k\u00f6rnyezetben v\u00e1rjuk a csendre, \u00e9s kikapcsol\u00f3d\u00e1sra v\u00e1gy\u00f3 vend\u00e9geinket. Vend\u00e9gh\u00e1zunkban 4+1 f\u0151 f\u00e9r el. Vonattal is k\u00f6nnyen megk\u00f6zel\u00edthet\u0151k vagyunk, kb. 40 perc alatt \u00e9rkezhettek meg a Nyugati p\u00e1lyaudvarr\u00f3l, kb. negyed \u00f3r\u00e1s s\u00e9t\u00e1ra vagyunk a vas\u00fat\u00e1llom\u00e1st\u00f3l. A k\u00f6zel 1000nm-es ker\u00edt\u00e9ssel k\u00f6rbevett priv\u00e1t kert\u00fcnk kis\u00e1llatbar\u00e1t. Bankk\u00e1rty\u00e1s, SZ\u00c9P k\u00e1rtya fizet\u00e9si elfogad\u00f3hely. Would you like a QUITE REST in the Danube Bend? Nestled on the outskirts of an oak forest in the sought-after B\u00f6rzs\u00f6nyliget area, our guest house offers a serene and picturesque setting for those seeking relaxation. With a capacity to accommodate 4+1 guests , we are easily accessible by train, approximately a 40-minute ride from Nyugati railway station followed by just a short 15-minute walk from the train station. Embrace the opportunity to unwind in our private, pet-friendly gardenwhich spans nearly 1000 square meters and is enclosed by a secure fence.\"><\/div><div class=\"elementor-background-overlay\"><\/div><div class=\"swiper-slide-inner\" ><div class=\"swiper-slide-contents\"><div class=\"elementor-slide-heading\">Booking<\/div><div class=\"elementor-slide-description\">Quickly, simply<\/div><\/div><\/div><\/div>\t\t\t\t<\/div>\n\t\t\t\t\t\t\t<\/div>\n\t\t\t\t<\/div>\n\t\t\t\t\t\t\t\t<\/div>\n\t\t\t\t<\/div>\n\t\t\t\t<div class=\"elementor-element elementor-element-59fe187 elementor-widget elementor-widget-shortcode\" data-id=\"59fe187\" data-element_type=\"widget\" data-e-type=\"widget\" data-widget_type=\"shortcode.default\">\n\t\t\t\t<div class=\"elementor-widget-container\">\n\t\t\t\t\t\t\t<div class=\"elementor-shortcode\"><script src=\"https:\/\/nethotelbooking.net\/embed.RESnWEB.js?id=Q778E\"><\/script><\/div>\n\t\t\t\t\t\t<\/div>\n\t\t\t\t<\/div>\n\t\t\t\t\t<\/div>\n\t\t<\/div>\n\t\t\t\t\t<\/div>\n\t\t<\/section>\n\t\t\t\t<section class=\"elementor-section elementor-top-section elementor-element elementor-element-6e3e6bf elementor-section-boxed elementor-section-height-default elementor-section-height-default\" data-id=\"6e3e6bf\" data-element_type=\"section\" data-e-type=\"section\">\n\t\t\t\t\t\t<div class=\"elementor-container elementor-column-gap-default\">\n\t\t\t\t\t<div class=\"elementor-column elementor-col-100 elementor-top-column elementor-element elementor-element-7798d22\" data-id=\"7798d22\" data-element_type=\"column\" data-e-type=\"column\">\n\t\t\t<div class=\"elementor-widget-wrap elementor-element-populated\">\n\t\t\t\t\t\t<section class=\"elementor-section elementor-inner-section elementor-element elementor-element-1fe479d elementor-section-boxed elementor-section-height-default elementor-section-height-default\" data-id=\"1fe479d\" data-element_type=\"section\" data-e-type=\"section\">\n\t\t\t\t\t\t<div class=\"elementor-container elementor-column-gap-default\">\n\t\t\t\t\t<div class=\"elementor-column elementor-col-50 elementor-inner-column elementor-element elementor-element-e8e2aa9\" data-id=\"e8e2aa9\" data-element_type=\"column\" data-e-type=\"column\" data-settings=\"{&quot;background_background&quot;:&quot;classic&quot;}\">\n\t\t\t<div class=\"elementor-widget-wrap elementor-element-populated\">\n\t\t\t\t\t\t<div class=\"elementor-element elementor-element-fb247ba elementor-widget elementor-widget-shortcode\" data-id=\"fb247ba\" data-element_type=\"widget\" data-e-type=\"widget\" data-widget_type=\"shortcode.default\">\n\t\t\t\t<div class=\"elementor-widget-container\">\n\t\t\t\t\t\t\t<div class=\"elementor-shortcode\">\n<table id=\"tablepress-2\" class=\"tablepress tablepress-id-2\">\n<thead>\n<tr class=\"row-1\">\n\t<th class=\"column-1\">Prices (HUF\/night\/entire house)<\/th><th class=\"column-2\">1-2 people<\/th><th class=\"column-3\">3-5 people<\/th>\n<\/tr>\n<\/thead>\n<tbody class=\"row-striping row-hover\">\n<tr class=\"row-2\">\n\t<td class=\"column-1\">Weekday Mo-Tue-Wed-Thu)<\/td><td class=\"column-2\">69.000 Ft<\/td><td class=\"column-3\">+5.000 Ft\/person<\/td>\n<\/tr>\n<tr class=\"row-3\">\n\t<td class=\"column-1\">Weekend (Fri-Sat-Sun) + priority period: (Easter, Pentecost, New Year's Eve, 20th ofAug)<\/td><td class=\"column-2\">78.000 Ft<\/td><td class=\"column-3\">+5.000 Ft\/person<\/td>\n<\/tr>\n<\/tbody>\n<tfoot>\n<tr class=\"row-4\">\n\t<th colspan=\"3\" class=\"column-1\">Wellness usage: 20.000 Ft, one-time fee<\/th>\n<\/tr>\n<\/tfoot>\n<\/table>\n<!-- #tablepress-2 from cache -->\n<\/div>\n\t\t\t\t\t\t<\/div>\n\t\t\t\t<\/div>\n\t\t\t\t<div class=\"elementor-element elementor-element-3506361 elementor-widget elementor-widget-text-editor\" data-id=\"3506361\" data-element_type=\"widget\" data-e-type=\"widget\" data-widget_type=\"text-editor.default\">\n\t\t\t\t<div class=\"elementor-widget-container\">\n\t\t\t\t\t\t\t\t\t<p><strong>The guest house can be booked for a minimum of 2 nights, one reservation is valid for the entire property.<\/strong><\/p><p>Pets are welcome to enjoy the 1000sqm courtyard and the lower level of the house, where they can roam freely in the entrance hall, spacious dining room.<\/p>\t\t\t\t\t\t\t\t<\/div>\n\t\t\t\t<\/div>\n\t\t\t\t\t<\/div>\n\t\t<\/div>\n\t\t\t\t<div class=\"elementor-column elementor-col-50 elementor-inner-column elementor-element elementor-element-bca090e\" data-id=\"bca090e\" data-element_type=\"column\" data-e-type=\"column\" data-settings=\"{&quot;background_background&quot;:&quot;classic&quot;}\">\n\t\t\t<div class=\"elementor-widget-wrap elementor-element-populated\">\n\t\t\t\t\t\t<div class=\"elementor-element elementor-element-3bb7876 elementor-widget elementor-widget-heading\" data-id=\"3bb7876\" data-element_type=\"widget\" data-e-type=\"widget\" data-widget_type=\"heading.default\">\n\t\t\t\t<div class=\"elementor-widget-container\">\n\t\t\t\t\t<h2 class=\"elementor-heading-title elementor-size-default\">Payment options<\/h2>\t\t\t\t<\/div>\n\t\t\t\t<\/div>\n\t\t\t\t<div class=\"elementor-element elementor-element-ed013ad elementor-widget elementor-widget-text-editor\" data-id=\"ed013ad\" data-element_type=\"widget\" data-e-type=\"widget\" data-widget_type=\"text-editor.default\">\n\t\t\t\t<div class=\"elementor-widget-container\">\n\t\t\t\t\t\t\t\t\t<p><strong>Bank transfer<\/strong><br \/>(within 24 hours after booking)<\/p><p><b>SZ\u00c9P card (K&amp;H, OTP, MBH<\/b><\/p><p>Payment in advance is required when choosing these payment methods<\/p>\t\t\t\t\t\t\t\t<\/div>\n\t\t\t\t<\/div>\n\t\t\t\t<div class=\"elementor-element elementor-element-cc454e3 elementor-widget__width-initial elementor-widget elementor-widget-image\" data-id=\"cc454e3\" data-element_type=\"widget\" data-e-type=\"widget\" data-widget_type=\"image.default\">\n\t\t\t\t<div class=\"elementor-widget-container\">\n\t\t\t\t\t\t\t\t\t\t\t\t\t\t\t<img fetchpriority=\"high\" decoding=\"async\" width=\"800\" height=\"388\" src=\"https:\/\/kosziklavendeghaz.hu\/wp-content\/uploads\/2024\/04\/szep-kartya.png\" class=\"attachment-full size-full wp-image-471\" alt=\"Szep kartya elfogad\u00f3hely! MNB, OTP, K&amp;H \u00e9s MKB BAnk SZ\u00e9p k\u00e1rty\u00e1it is elfogadjuk!\" srcset=\"https:\/\/kosziklavendeghaz.hu\/wp-content\/uploads\/2024\/04\/szep-kartya.png 800w, https:\/\/kosziklavendeghaz.hu\/wp-content\/uploads\/2024\/04\/szep-kartya-300x146.png 300w, https:\/\/kosziklavendeghaz.hu\/wp-content\/uploads\/2024\/04\/szep-kartya-768x372.png 768w, https:\/\/kosziklavendeghaz.hu\/wp-content\/uploads\/2024\/04\/szep-kartya-18x9.png 18w\" sizes=\"(max-width: 800px) 100vw, 800px\" \/>\t\t\t\t\t\t\t\t\t\t\t\t\t\t\t<\/div>\n\t\t\t\t<\/div>\n\t\t\t\t\t<\/div>\n\t\t<\/div>\n\t\t\t\t\t<\/div>\n\t\t<\/section>\n\t\t\t\t\t<\/div>\n\t\t<\/div>\n\t\t\t\t\t<\/div>\n\t\t<\/section>\n\t\t\t\t<\/div>","protected":false},"excerpt":{"rendered":"<p>BookingQuickly, simply The guest house can be booked for a minimum of 2 nights, one reservation is valid for the entire property. Pets are welcome to enjoy the 1000sqm courtyard and the lower level of the house, where they can roam freely in the entrance hall, spacious dining room. Payment options Bank transfer(within 24 hours &#8230; <a title=\"BOOKING\" class=\"read-more\" href=\"https:\/\/kosziklavendeghaz.hu\/en\/booking\/\" aria-label=\"Read more about BOOKING\">Read more<\/a><\/p>","protected":false},"author":1,"featured_media":0,"parent":0,"menu_order":0,"comment_status":"closed","ping_status":"closed","template":"elementor_header_footer","meta":{"footnotes":""},"class_list":["post-4102","page","type-page","status-publish"],"_links":{"self":[{"href":"https:\/\/kosziklavendeghaz.hu\/en\/wp-json\/wp\/v2\/pages\/4102","targetHints":{"allow":["GET"]}}],"collection":[{"href":"https:\/\/kosziklavendeghaz.hu\/en\/wp-json\/wp\/v2\/pages"}],"about":[{"href":"https:\/\/kosziklavendeghaz.hu\/en\/wp-json\/wp\/v2\/types\/page"}],"author":[{"embeddable":true,"href":"https:\/\/kosziklavendeghaz.hu\/en\/wp-json\/wp\/v2\/users\/1"}],"replies":[{"embeddable":true,"href":"https:\/\/kosziklavendeghaz.hu\/en\/wp-json\/wp\/v2\/comments?post=4102"}],"version-history":[{"count":4,"href":"https:\/\/kosziklavendeghaz.hu\/en\/wp-json\/wp\/v2\/pages\/4102\/revisions"}],"predecessor-version":[{"id":4597,"href":"https:\/\/kosziklavendeghaz.hu\/en\/wp-json\/wp\/v2\/pages\/4102\/revisions\/4597"}],"wp:attachment":[{"href":"https:\/\/kosziklavendeghaz.hu\/en\/wp-json\/wp\/v2\/media?parent=4102"}],"curies":[{"name":"wp","href":"https:\/\/api.w.org\/{rel}","templated":true}]}}